{"id":78060,"date":"2025-10-30T15:39:05","date_gmt":"2025-10-30T14:39:05","guid":{"rendered":"https:\/\/formbags.com\/product\/laminated-paper-bags\/"},"modified":"2026-03-03T14:22:39","modified_gmt":"2026-03-03T13:22:39","slug":"laminage","status":"publish","type":"product","link":"https:\/\/formbags.com\/fr\/product\/laminage\/","title":{"rendered":"Laminage"},"content":{"rendered":"","protected":false},"excerpt":{"rendered":"<ul>\n<li class=\"p1\">Am\u00e9liore la durabilit\u00e9 et la r\u00e9sistance \u00e0 l\u2019humidit\u00e9<\/li>\n<li class=\"p1\">Am\u00e9liore l\u2019apparence<\/li>\n<li class=\"p1\">Brillant ou mat<\/li>\n<\/ul>\n","protected":false},"featured_media":76606,"comment_status":"closed","ping_status":"closed","template":"","meta":[],"product_brand":[],"product_cat":[124],"product_tag":[],"class_list":{"0":"post-78060","1":"product","2":"type-product","3":"status-publish","4":"has-post-thumbnail","6":"product_cat-finishes","8":"first","9":"instock","10":"shipping-taxable","11":"product-type-simple","12":"litho-product-5col"},"yoast_head":"<!-- This site is optimized with the Yoast SEO plugin v26.9 - https:\/\/yoast.com\/product\/yoast-seo-wordpress\/ -->\n<title>Laminage | Formbags<\/title>\n<meta name=\"description\" content=\"Sacs en papier lamin\u00e9 offrant une durabilit\u00e9 accrue, une meilleure r\u00e9sistance \u00e0 l&#039;humidit\u00e9 et un aspect am\u00e9lior\u00e9, disponibles en finitions brillantes ou mates.\" \/>\n<meta name=\"robots\" content=\"index, follow, max-snippet:-1, max-image-preview:large, max-video-preview:-1\" \/>\n<link rel=\"canonical\" href=\"https:\/\/formbags.com\/fr\/product\/laminage\/\" \/>\n<meta property=\"og:locale\" content=\"fr_FR\" \/>\n<meta property=\"og:type\" content=\"article\" \/>\n<meta property=\"og:title\" content=\"Laminage | Formbags\" \/>\n<meta property=\"og:description\" content=\"Sacs en papier lamin\u00e9 offrant une durabilit\u00e9 accrue, une meilleure r\u00e9sistance \u00e0 l&#039;humidit\u00e9 et un aspect am\u00e9lior\u00e9, disponibles en finitions brillantes ou mates.\" \/>\n<meta property=\"og:url\" content=\"https:\/\/formbags.com\/fr\/product\/laminage\/\" \/>\n<meta property=\"og:site_name\" content=\"FormBags\" \/>\n<meta property=\"article:modified_time\" content=\"2026-03-03T13:22:39+00:00\" \/>\n<meta property=\"og:image\" content=\"https:\/\/formbags.com\/wp-content\/uploads\/2025\/10\/zepter.jpg\" \/>\n\t<meta property=\"og:image:width\" content=\"1000\" \/>\n\t<meta property=\"og:image:height\" content=\"1200\" \/>\n\t<meta property=\"og:image:type\" content=\"image\/jpeg\" \/>\n<meta name=\"twitter:card\" content=\"summary_large_image\" \/>\n<meta name=\"twitter:label1\" content=\"Dur\u00e9e de lecture estim\u00e9e\" \/>\n\t<meta name=\"twitter:data1\" content=\"1 minute\" \/>\n<script type=\"application\/ld+json\" class=\"yoast-schema-graph\">{\"@context\":\"https:\/\/schema.org\",\"@graph\":[{\"@type\":\"WebPage\",\"@id\":\"https:\/\/formbags.com\/fr\/product\/laminage\/\",\"url\":\"https:\/\/formbags.com\/fr\/product\/laminage\/\",\"name\":\"Laminage | Formbags\",\"isPartOf\":{\"@id\":\"https:\/\/formbags.com\/fr\/#website\"},\"primaryImageOfPage\":{\"@id\":\"https:\/\/formbags.com\/fr\/product\/laminage\/#primaryimage\"},\"image\":{\"@id\":\"https:\/\/formbags.com\/fr\/product\/laminage\/#primaryimage\"},\"thumbnailUrl\":\"https:\/\/formbags.com\/wp-content\/uploads\/2025\/10\/zepter.jpg\",\"datePublished\":\"2025-10-30T14:39:05+00:00\",\"dateModified\":\"2026-03-03T13:22:39+00:00\",\"description\":\"Sacs en papier lamin\u00e9 offrant une durabilit\u00e9 accrue, une meilleure r\u00e9sistance \u00e0 l'humidit\u00e9 et un aspect am\u00e9lior\u00e9, disponibles en finitions brillantes ou mates.\",\"breadcrumb\":{\"@id\":\"https:\/\/formbags.com\/fr\/product\/laminage\/#breadcrumb\"},\"inLanguage\":\"fr-FR\",\"potentialAction\":[{\"@type\":\"ReadAction\",\"target\":[\"https:\/\/formbags.com\/fr\/product\/laminage\/\"]}]},{\"@type\":\"ImageObject\",\"inLanguage\":\"fr-FR\",\"@id\":\"https:\/\/formbags.com\/fr\/product\/laminage\/#primaryimage\",\"url\":\"https:\/\/formbags.com\/wp-content\/uploads\/2025\/10\/zepter.jpg\",\"contentUrl\":\"https:\/\/formbags.com\/wp-content\/uploads\/2025\/10\/zepter.jpg\",\"width\":1000,\"height\":1200,\"caption\":\"laminated paper bags\"},{\"@type\":\"BreadcrumbList\",\"@id\":\"https:\/\/formbags.com\/fr\/product\/laminage\/#breadcrumb\",\"itemListElement\":[{\"@type\":\"ListItem\",\"position\":1,\"name\":\"Home\",\"item\":\"https:\/\/formbags.com\/fr\/\"},{\"@type\":\"ListItem\",\"position\":2,\"name\":\"Produits\",\"item\":\"https:\/\/formbags.com\/fr\/shop\/\"},{\"@type\":\"ListItem\",\"position\":3,\"name\":\"Laminage\"}]},{\"@type\":\"WebSite\",\"@id\":\"https:\/\/formbags.com\/fr\/#website\",\"url\":\"https:\/\/formbags.com\/fr\/\",\"name\":\"FormBags\",\"description\":\"\",\"publisher\":{\"@id\":\"https:\/\/formbags.com\/fr\/#organization\"},\"potentialAction\":[{\"@type\":\"SearchAction\",\"target\":{\"@type\":\"EntryPoint\",\"urlTemplate\":\"https:\/\/formbags.com\/fr\/?s={search_term_string}\"},\"query-input\":{\"@type\":\"PropertyValueSpecification\",\"valueRequired\":true,\"valueName\":\"search_term_string\"}}],\"inLanguage\":\"fr-FR\"},{\"@type\":\"Organization\",\"@id\":\"https:\/\/formbags.com\/fr\/#organization\",\"name\":\"Formbags\",\"url\":\"https:\/\/formbags.com\/fr\/\",\"logo\":{\"@type\":\"ImageObject\",\"inLanguage\":\"fr-FR\",\"@id\":\"https:\/\/formbags.com\/fr\/#\/schema\/logo\/image\/\",\"url\":\"https:\/\/formbags.com\/wp-content\/uploads\/2025\/09\/logo_def.png\",\"contentUrl\":\"https:\/\/formbags.com\/wp-content\/uploads\/2025\/09\/logo_def.png\",\"width\":1739,\"height\":258,\"caption\":\"Formbags\"},\"image\":{\"@id\":\"https:\/\/formbags.com\/fr\/#\/schema\/logo\/image\/\"}}]}<\/script>\n<!-- \/ Yoast SEO plugin. -->","yoast_head_json":{"title":"Laminage | Formbags","description":"Sacs en papier lamin\u00e9 offrant une durabilit\u00e9 accrue, une meilleure r\u00e9sistance \u00e0 l'humidit\u00e9 et un aspect am\u00e9lior\u00e9, disponibles en finitions brillantes ou mates.","robots":{"index":"index","follow":"follow","max-snippet":"max-snippet:-1","max-image-preview":"max-image-preview:large","max-video-preview":"max-video-preview:-1"},"canonical":"https:\/\/formbags.com\/fr\/product\/laminage\/","og_locale":"fr_FR","og_type":"article","og_title":"Laminage | Formbags","og_description":"Sacs en papier lamin\u00e9 offrant une durabilit\u00e9 accrue, une meilleure r\u00e9sistance \u00e0 l'humidit\u00e9 et un aspect am\u00e9lior\u00e9, disponibles en finitions brillantes ou mates.","og_url":"https:\/\/formbags.com\/fr\/product\/laminage\/","og_site_name":"FormBags","article_modified_time":"2026-03-03T13:22:39+00:00","og_image":[{"width":1000,"height":1200,"url":"https:\/\/formbags.com\/wp-content\/uploads\/2025\/10\/zepter.jpg","type":"image\/jpeg"}],"twitter_card":"summary_large_image","twitter_misc":{"Dur\u00e9e de lecture estim\u00e9e":"1 minute"},"schema":{"@context":"https:\/\/schema.org","@graph":[{"@type":"WebPage","@id":"https:\/\/formbags.com\/fr\/product\/laminage\/","url":"https:\/\/formbags.com\/fr\/product\/laminage\/","name":"Laminage | Formbags","isPartOf":{"@id":"https:\/\/formbags.com\/fr\/#website"},"primaryImageOfPage":{"@id":"https:\/\/formbags.com\/fr\/product\/laminage\/#primaryimage"},"image":{"@id":"https:\/\/formbags.com\/fr\/product\/laminage\/#primaryimage"},"thumbnailUrl":"https:\/\/formbags.com\/wp-content\/uploads\/2025\/10\/zepter.jpg","datePublished":"2025-10-30T14:39:05+00:00","dateModified":"2026-03-03T13:22:39+00:00","description":"Sacs en papier lamin\u00e9 offrant une durabilit\u00e9 accrue, une meilleure r\u00e9sistance \u00e0 l'humidit\u00e9 et un aspect am\u00e9lior\u00e9, disponibles en finitions brillantes ou mates.","breadcrumb":{"@id":"https:\/\/formbags.com\/fr\/product\/laminage\/#breadcrumb"},"inLanguage":"fr-FR","potentialAction":[{"@type":"ReadAction","target":["https:\/\/formbags.com\/fr\/product\/laminage\/"]}]},{"@type":"ImageObject","inLanguage":"fr-FR","@id":"https:\/\/formbags.com\/fr\/product\/laminage\/#primaryimage","url":"https:\/\/formbags.com\/wp-content\/uploads\/2025\/10\/zepter.jpg","contentUrl":"https:\/\/formbags.com\/wp-content\/uploads\/2025\/10\/zepter.jpg","width":1000,"height":1200,"caption":"laminated paper bags"},{"@type":"BreadcrumbList","@id":"https:\/\/formbags.com\/fr\/product\/laminage\/#breadcrumb","itemListElement":[{"@type":"ListItem","position":1,"name":"Home","item":"https:\/\/formbags.com\/fr\/"},{"@type":"ListItem","position":2,"name":"Produits","item":"https:\/\/formbags.com\/fr\/shop\/"},{"@type":"ListItem","position":3,"name":"Laminage"}]},{"@type":"WebSite","@id":"https:\/\/formbags.com\/fr\/#website","url":"https:\/\/formbags.com\/fr\/","name":"FormBags","description":"","publisher":{"@id":"https:\/\/formbags.com\/fr\/#organization"},"potentialAction":[{"@type":"SearchAction","target":{"@type":"EntryPoint","urlTemplate":"https:\/\/formbags.com\/fr\/?s={search_term_string}"},"query-input":{"@type":"PropertyValueSpecification","valueRequired":true,"valueName":"search_term_string"}}],"inLanguage":"fr-FR"},{"@type":"Organization","@id":"https:\/\/formbags.com\/fr\/#organization","name":"Formbags","url":"https:\/\/formbags.com\/fr\/","logo":{"@type":"ImageObject","inLanguage":"fr-FR","@id":"https:\/\/formbags.com\/fr\/#\/schema\/logo\/image\/","url":"https:\/\/formbags.com\/wp-content\/uploads\/2025\/09\/logo_def.png","contentUrl":"https:\/\/formbags.com\/wp-content\/uploads\/2025\/09\/logo_def.png","width":1739,"height":258,"caption":"Formbags"},"image":{"@id":"https:\/\/formbags.com\/fr\/#\/schema\/logo\/image\/"}}]}},"_links":{"self":[{"href":"https:\/\/formbags.com\/fr\/wp-json\/wp\/v2\/product\/78060","targetHints":{"allow":["GET"]}}],"collection":[{"href":"https:\/\/formbags.com\/fr\/wp-json\/wp\/v2\/product"}],"about":[{"href":"https:\/\/formbags.com\/fr\/wp-json\/wp\/v2\/types\/product"}],"replies":[{"embeddable":true,"href":"https:\/\/formbags.com\/fr\/wp-json\/wp\/v2\/comments?post=78060"}],"version-history":[{"count":1,"href":"https:\/\/formbags.com\/fr\/wp-json\/wp\/v2\/product\/78060\/revisions"}],"predecessor-version":[{"id":78198,"href":"https:\/\/formbags.com\/fr\/wp-json\/wp\/v2\/product\/78060\/revisions\/78198"}],"wp:featuredmedia":[{"embeddable":true,"href":"https:\/\/formbags.com\/fr\/wp-json\/wp\/v2\/media\/76606"}],"wp:attachment":[{"href":"https:\/\/formbags.com\/fr\/wp-json\/wp\/v2\/media?parent=78060"}],"wp:term":[{"taxonomy":"product_brand","embeddable":true,"href":"https:\/\/formbags.com\/fr\/wp-json\/wp\/v2\/product_brand?post=78060"},{"taxonomy":"product_cat","embeddable":true,"href":"https:\/\/formbags.com\/fr\/wp-json\/wp\/v2\/product_cat?post=78060"},{"taxonomy":"product_tag","embeddable":true,"href":"https:\/\/formbags.com\/fr\/wp-json\/wp\/v2\/product_tag?post=78060"}],"curies":[{"name":"wp","href":"https:\/\/api.w.org\/{rel}","templated":true}]}}