{"id":78045,"date":"2025-10-30T15:20:16","date_gmt":"2025-10-30T14:20:16","guid":{"rendered":"https:\/\/formbags.com\/product\/e-commerce-shipping-envelope\/"},"modified":"2026-03-03T14:20:00","modified_gmt":"2026-03-03T13:20:00","slug":"sacs-emballage-pour-e-commerce","status":"publish","type":"product","link":"https:\/\/formbags.com\/fr\/product\/sacs-emballage-pour-e-commerce\/","title":{"rendered":"Sacs emballage pour e-commerce"},"content":{"rendered":"","protected":false},"excerpt":{"rendered":"<ul>\n<li class=\"p1\">Soufflet lat\u00e9ral<\/li>\n<li class=\"p1\">Avec ou sans soufflet inf\u00e9rieur<\/li>\n<li class=\"p1\">Ouverture \u00e0 languette d\u00e9tachable simple ou double (double pour retours)<\/li>\n<li class=\"p1\">Impression flexographique<\/li>\n<li class=\"p1\">R\u00e9utilisable et recyclable<\/li>\n<li class=\"p1\">Dimensions de 20 \u00d7 22,5 + 4,5 cm \u00e0 60 \u00d7 52 + 5 cm<\/li>\n<li class=\"p1\">Commande minimale : 5 000 unit\u00e9s<\/li>\n<li class=\"p1\">Notre r\u00e9f. : Ecom<\/li>\n<\/ul>\n","protected":false},"featured_media":76555,"comment_status":"closed","ping_status":"closed","template":"","meta":[],"product_brand":[],"product_cat":[128],"product_tag":[],"class_list":{"0":"post-78045","1":"product","2":"type-product","3":"status-publish","4":"has-post-thumbnail","6":"product_cat-e-commerce-envelopes","8":"first","9":"instock","10":"shipping-taxable","11":"product-type-simple","12":"litho-product-5col"},"yoast_head":"<!-- This site is optimized with the Yoast SEO plugin v26.9 - https:\/\/yoast.com\/product\/yoast-seo-wordpress\/ -->\n<title>Sacs emballage pour e-commerce | Formbags<\/title>\n<meta name=\"description\" content=\"Enveloppes d&#039;exp\u00e9dition pour le commerce \u00e9lectronique avec soufflet lat\u00e9ral, soufflet de fond en option, ouverture \u00e0 d\u00e9chirure simple ou double.\" \/>\n<meta name=\"robots\" content=\"index, follow, max-snippet:-1, max-image-preview:large, max-video-preview:-1\" \/>\n<link rel=\"canonical\" href=\"https:\/\/formbags.com\/fr\/product\/sacs-emballage-pour-e-commerce\/\" \/>\n<meta property=\"og:locale\" content=\"fr_FR\" \/>\n<meta property=\"og:type\" content=\"article\" \/>\n<meta property=\"og:title\" content=\"Sacs emballage pour e-commerce | Formbags\" \/>\n<meta property=\"og:description\" content=\"Enveloppes d&#039;exp\u00e9dition pour le commerce \u00e9lectronique avec soufflet lat\u00e9ral, soufflet de fond en option, ouverture \u00e0 d\u00e9chirure simple ou double.\" \/>\n<meta property=\"og:url\" content=\"https:\/\/formbags.com\/fr\/product\/sacs-emballage-pour-e-commerce\/\" \/>\n<meta property=\"og:site_name\" content=\"FormBags\" \/>\n<meta property=\"article:modified_time\" content=\"2026-03-03T13:20:00+00:00\" \/>\n<meta property=\"og:image\" content=\"https:\/\/formbags.com\/wp-content\/uploads\/2025\/10\/5-1-1.jpg\" \/>\n\t<meta property=\"og:image:width\" content=\"1000\" \/>\n\t<meta property=\"og:image:height\" content=\"1200\" \/>\n\t<meta property=\"og:image:type\" content=\"image\/jpeg\" \/>\n<meta name=\"twitter:card\" content=\"summary_large_image\" \/>\n<meta name=\"twitter:label1\" content=\"Dur\u00e9e de lecture estim\u00e9e\" \/>\n\t<meta name=\"twitter:data1\" content=\"1 minute\" \/>\n<script type=\"application\/ld+json\" class=\"yoast-schema-graph\">{\"@context\":\"https:\/\/schema.org\",\"@graph\":[{\"@type\":\"WebPage\",\"@id\":\"https:\/\/formbags.com\/fr\/product\/sacs-emballage-pour-e-commerce\/\",\"url\":\"https:\/\/formbags.com\/fr\/product\/sacs-emballage-pour-e-commerce\/\",\"name\":\"Sacs emballage pour e-commerce | Formbags\",\"isPartOf\":{\"@id\":\"https:\/\/formbags.com\/fr\/#website\"},\"primaryImageOfPage\":{\"@id\":\"https:\/\/formbags.com\/fr\/product\/sacs-emballage-pour-e-commerce\/#primaryimage\"},\"image\":{\"@id\":\"https:\/\/formbags.com\/fr\/product\/sacs-emballage-pour-e-commerce\/#primaryimage\"},\"thumbnailUrl\":\"https:\/\/formbags.com\/wp-content\/uploads\/2025\/10\/5-1-1.jpg\",\"datePublished\":\"2025-10-30T14:20:16+00:00\",\"dateModified\":\"2026-03-03T13:20:00+00:00\",\"description\":\"Enveloppes d'exp\u00e9dition pour le commerce \u00e9lectronique avec soufflet lat\u00e9ral, soufflet de fond en option, ouverture \u00e0 d\u00e9chirure simple ou double.\",\"breadcrumb\":{\"@id\":\"https:\/\/formbags.com\/fr\/product\/sacs-emballage-pour-e-commerce\/#breadcrumb\"},\"inLanguage\":\"fr-FR\",\"potentialAction\":[{\"@type\":\"ReadAction\",\"target\":[\"https:\/\/formbags.com\/fr\/product\/sacs-emballage-pour-e-commerce\/\"]}]},{\"@type\":\"ImageObject\",\"inLanguage\":\"fr-FR\",\"@id\":\"https:\/\/formbags.com\/fr\/product\/sacs-emballage-pour-e-commerce\/#primaryimage\",\"url\":\"https:\/\/formbags.com\/wp-content\/uploads\/2025\/10\/5-1-1.jpg\",\"contentUrl\":\"https:\/\/formbags.com\/wp-content\/uploads\/2025\/10\/5-1-1.jpg\",\"width\":1000,\"height\":1200,\"caption\":\"E-commerce shipping envelopes\"},{\"@type\":\"BreadcrumbList\",\"@id\":\"https:\/\/formbags.com\/fr\/product\/sacs-emballage-pour-e-commerce\/#breadcrumb\",\"itemListElement\":[{\"@type\":\"ListItem\",\"position\":1,\"name\":\"Home\",\"item\":\"https:\/\/formbags.com\/fr\/\"},{\"@type\":\"ListItem\",\"position\":2,\"name\":\"Produits\",\"item\":\"https:\/\/formbags.com\/fr\/shop\/\"},{\"@type\":\"ListItem\",\"position\":3,\"name\":\"Sacs emballage pour e-commerce\"}]},{\"@type\":\"WebSite\",\"@id\":\"https:\/\/formbags.com\/fr\/#website\",\"url\":\"https:\/\/formbags.com\/fr\/\",\"name\":\"FormBags\",\"description\":\"\",\"publisher\":{\"@id\":\"https:\/\/formbags.com\/fr\/#organization\"},\"potentialAction\":[{\"@type\":\"SearchAction\",\"target\":{\"@type\":\"EntryPoint\",\"urlTemplate\":\"https:\/\/formbags.com\/fr\/?s={search_term_string}\"},\"query-input\":{\"@type\":\"PropertyValueSpecification\",\"valueRequired\":true,\"valueName\":\"search_term_string\"}}],\"inLanguage\":\"fr-FR\"},{\"@type\":\"Organization\",\"@id\":\"https:\/\/formbags.com\/fr\/#organization\",\"name\":\"Formbags\",\"url\":\"https:\/\/formbags.com\/fr\/\",\"logo\":{\"@type\":\"ImageObject\",\"inLanguage\":\"fr-FR\",\"@id\":\"https:\/\/formbags.com\/fr\/#\/schema\/logo\/image\/\",\"url\":\"https:\/\/formbags.com\/wp-content\/uploads\/2025\/09\/logo_def.png\",\"contentUrl\":\"https:\/\/formbags.com\/wp-content\/uploads\/2025\/09\/logo_def.png\",\"width\":1739,\"height\":258,\"caption\":\"Formbags\"},\"image\":{\"@id\":\"https:\/\/formbags.com\/fr\/#\/schema\/logo\/image\/\"}}]}<\/script>\n<!-- \/ Yoast SEO plugin. -->","yoast_head_json":{"title":"Sacs emballage pour e-commerce | Formbags","description":"Enveloppes d'exp\u00e9dition pour le commerce \u00e9lectronique avec soufflet lat\u00e9ral, soufflet de fond en option, ouverture \u00e0 d\u00e9chirure simple ou double.","robots":{"index":"index","follow":"follow","max-snippet":"max-snippet:-1","max-image-preview":"max-image-preview:large","max-video-preview":"max-video-preview:-1"},"canonical":"https:\/\/formbags.com\/fr\/product\/sacs-emballage-pour-e-commerce\/","og_locale":"fr_FR","og_type":"article","og_title":"Sacs emballage pour e-commerce | Formbags","og_description":"Enveloppes d'exp\u00e9dition pour le commerce \u00e9lectronique avec soufflet lat\u00e9ral, soufflet de fond en option, ouverture \u00e0 d\u00e9chirure simple ou double.","og_url":"https:\/\/formbags.com\/fr\/product\/sacs-emballage-pour-e-commerce\/","og_site_name":"FormBags","article_modified_time":"2026-03-03T13:20:00+00:00","og_image":[{"width":1000,"height":1200,"url":"https:\/\/formbags.com\/wp-content\/uploads\/2025\/10\/5-1-1.jpg","type":"image\/jpeg"}],"twitter_card":"summary_large_image","twitter_misc":{"Dur\u00e9e de lecture estim\u00e9e":"1 minute"},"schema":{"@context":"https:\/\/schema.org","@graph":[{"@type":"WebPage","@id":"https:\/\/formbags.com\/fr\/product\/sacs-emballage-pour-e-commerce\/","url":"https:\/\/formbags.com\/fr\/product\/sacs-emballage-pour-e-commerce\/","name":"Sacs emballage pour e-commerce | Formbags","isPartOf":{"@id":"https:\/\/formbags.com\/fr\/#website"},"primaryImageOfPage":{"@id":"https:\/\/formbags.com\/fr\/product\/sacs-emballage-pour-e-commerce\/#primaryimage"},"image":{"@id":"https:\/\/formbags.com\/fr\/product\/sacs-emballage-pour-e-commerce\/#primaryimage"},"thumbnailUrl":"https:\/\/formbags.com\/wp-content\/uploads\/2025\/10\/5-1-1.jpg","datePublished":"2025-10-30T14:20:16+00:00","dateModified":"2026-03-03T13:20:00+00:00","description":"Enveloppes d'exp\u00e9dition pour le commerce \u00e9lectronique avec soufflet lat\u00e9ral, soufflet de fond en option, ouverture \u00e0 d\u00e9chirure simple ou double.","breadcrumb":{"@id":"https:\/\/formbags.com\/fr\/product\/sacs-emballage-pour-e-commerce\/#breadcrumb"},"inLanguage":"fr-FR","potentialAction":[{"@type":"ReadAction","target":["https:\/\/formbags.com\/fr\/product\/sacs-emballage-pour-e-commerce\/"]}]},{"@type":"ImageObject","inLanguage":"fr-FR","@id":"https:\/\/formbags.com\/fr\/product\/sacs-emballage-pour-e-commerce\/#primaryimage","url":"https:\/\/formbags.com\/wp-content\/uploads\/2025\/10\/5-1-1.jpg","contentUrl":"https:\/\/formbags.com\/wp-content\/uploads\/2025\/10\/5-1-1.jpg","width":1000,"height":1200,"caption":"E-commerce shipping envelopes"},{"@type":"BreadcrumbList","@id":"https:\/\/formbags.com\/fr\/product\/sacs-emballage-pour-e-commerce\/#breadcrumb","itemListElement":[{"@type":"ListItem","position":1,"name":"Home","item":"https:\/\/formbags.com\/fr\/"},{"@type":"ListItem","position":2,"name":"Produits","item":"https:\/\/formbags.com\/fr\/shop\/"},{"@type":"ListItem","position":3,"name":"Sacs emballage pour e-commerce"}]},{"@type":"WebSite","@id":"https:\/\/formbags.com\/fr\/#website","url":"https:\/\/formbags.com\/fr\/","name":"FormBags","description":"","publisher":{"@id":"https:\/\/formbags.com\/fr\/#organization"},"potentialAction":[{"@type":"SearchAction","target":{"@type":"EntryPoint","urlTemplate":"https:\/\/formbags.com\/fr\/?s={search_term_string}"},"query-input":{"@type":"PropertyValueSpecification","valueRequired":true,"valueName":"search_term_string"}}],"inLanguage":"fr-FR"},{"@type":"Organization","@id":"https:\/\/formbags.com\/fr\/#organization","name":"Formbags","url":"https:\/\/formbags.com\/fr\/","logo":{"@type":"ImageObject","inLanguage":"fr-FR","@id":"https:\/\/formbags.com\/fr\/#\/schema\/logo\/image\/","url":"https:\/\/formbags.com\/wp-content\/uploads\/2025\/09\/logo_def.png","contentUrl":"https:\/\/formbags.com\/wp-content\/uploads\/2025\/09\/logo_def.png","width":1739,"height":258,"caption":"Formbags"},"image":{"@id":"https:\/\/formbags.com\/fr\/#\/schema\/logo\/image\/"}}]}},"_links":{"self":[{"href":"https:\/\/formbags.com\/fr\/wp-json\/wp\/v2\/product\/78045","targetHints":{"allow":["GET"]}}],"collection":[{"href":"https:\/\/formbags.com\/fr\/wp-json\/wp\/v2\/product"}],"about":[{"href":"https:\/\/formbags.com\/fr\/wp-json\/wp\/v2\/types\/product"}],"replies":[{"embeddable":true,"href":"https:\/\/formbags.com\/fr\/wp-json\/wp\/v2\/comments?post=78045"}],"version-history":[{"count":1,"href":"https:\/\/formbags.com\/fr\/wp-json\/wp\/v2\/product\/78045\/revisions"}],"predecessor-version":[{"id":78196,"href":"https:\/\/formbags.com\/fr\/wp-json\/wp\/v2\/product\/78045\/revisions\/78196"}],"wp:featuredmedia":[{"embeddable":true,"href":"https:\/\/formbags.com\/fr\/wp-json\/wp\/v2\/media\/76555"}],"wp:attachment":[{"href":"https:\/\/formbags.com\/fr\/wp-json\/wp\/v2\/media?parent=78045"}],"wp:term":[{"taxonomy":"product_brand","embeddable":true,"href":"https:\/\/formbags.com\/fr\/wp-json\/wp\/v2\/product_brand?post=78045"},{"taxonomy":"product_cat","embeddable":true,"href":"https:\/\/formbags.com\/fr\/wp-json\/wp\/v2\/product_cat?post=78045"},{"taxonomy":"product_tag","embeddable":true,"href":"https:\/\/formbags.com\/fr\/wp-json\/wp\/v2\/product_tag?post=78045"}],"curies":[{"name":"wp","href":"https:\/\/api.w.org\/{rel}","templated":true}]}}