{"id":78021,"date":"2025-10-30T14:30:20","date_gmt":"2025-10-30T13:30:20","guid":{"rendered":"https:\/\/formbags.com\/product\/luxury-handmade-gift-box-bag\/"},"modified":"2026-03-03T14:10:56","modified_gmt":"2026-03-03T13:10:56","slug":"boite-cadeau-de-luxe-faite-main-avec-poignee","status":"publish","type":"product","link":"https:\/\/formbags.com\/fr\/product\/boite-cadeau-de-luxe-faite-main-avec-poignee\/","title":{"rendered":"Bo\u00eete cadeau de luxe faite main avec poign\u00e9e"},"content":{"rendered":"","protected":false},"excerpt":{"rendered":"<ul>\n<li class=\"p1\">230 g\/m\u00b2<\/li>\n<li class=\"p1\">Syst\u00e8me de fermeture innovant<\/li>\n<li class=\"p1\">Dimensions de 10 \u00d7 16 \u00d7 7 cm \u00e0 38 \u00d7 40 \u00d7 12 cm<\/li>\n<li class=\"p1\">Impression offset<\/li>\n<li class=\"p1\">Diff\u00e9rents types de poign\u00e9es et finitions<\/li>\n<li class=\"p1\">Commande minimale : 2 000 unit\u00e9s<\/li>\n<li class=\"p1\">Notre r\u00e9f. : Mod\u00e8le M Bauletto<\/li>\n<\/ul>\n","protected":false},"featured_media":78018,"comment_status":"closed","ping_status":"closed","template":"","meta":[],"product_brand":[],"product_cat":[127],"product_tag":[],"class_list":{"0":"post-78021","1":"product","2":"type-product","3":"status-publish","4":"has-post-thumbnail","6":"product_cat-gift-packaging","8":"first","9":"instock","10":"shipping-taxable","11":"product-type-simple","12":"litho-product-5col"},"yoast_head":"<!-- This site is optimized with the Yoast SEO plugin v26.9 - https:\/\/yoast.com\/product\/yoast-seo-wordpress\/ -->\n<title>Bo\u00eete cadeau de luxe faite main avec poign\u00e9e | Formbags<\/title>\n<meta name=\"description\" content=\"Coffrets cadeaux de luxe faits main avec syst\u00e8me de fermeture innovant, tailles personnalisables, impression offset et diverses poign\u00e9es et finitions.\" \/>\n<meta name=\"robots\" content=\"index, follow, max-snippet:-1, max-image-preview:large, max-video-preview:-1\" \/>\n<link rel=\"canonical\" href=\"https:\/\/formbags.com\/fr\/product\/boite-cadeau-de-luxe-faite-main-avec-poignee\/\" \/>\n<meta property=\"og:locale\" content=\"fr_FR\" \/>\n<meta property=\"og:type\" content=\"article\" \/>\n<meta property=\"og:title\" content=\"Bo\u00eete cadeau de luxe faite main avec poign\u00e9e | Formbags\" \/>\n<meta property=\"og:description\" content=\"Coffrets cadeaux de luxe faits main avec syst\u00e8me de fermeture innovant, tailles personnalisables, impression offset et diverses poign\u00e9es et finitions.\" \/>\n<meta property=\"og:url\" content=\"https:\/\/formbags.com\/fr\/product\/boite-cadeau-de-luxe-faite-main-avec-poignee\/\" \/>\n<meta property=\"og:site_name\" content=\"FormBags\" \/>\n<meta property=\"article:modified_time\" content=\"2026-03-03T13:10:56+00:00\" \/>\n<meta property=\"og:image\" content=\"https:\/\/formbags.com\/wp-content\/uploads\/2025\/10\/4-3.jpg\" \/>\n\t<meta property=\"og:image:width\" content=\"1000\" \/>\n\t<meta property=\"og:image:height\" content=\"1200\" \/>\n\t<meta property=\"og:image:type\" content=\"image\/jpeg\" \/>\n<meta name=\"twitter:card\" content=\"summary_large_image\" \/>\n<meta name=\"twitter:label1\" content=\"Dur\u00e9e de lecture estim\u00e9e\" \/>\n\t<meta name=\"twitter:data1\" content=\"1 minute\" \/>\n<script type=\"application\/ld+json\" class=\"yoast-schema-graph\">{\"@context\":\"https:\/\/schema.org\",\"@graph\":[{\"@type\":\"WebPage\",\"@id\":\"https:\/\/formbags.com\/fr\/product\/boite-cadeau-de-luxe-faite-main-avec-poignee\/\",\"url\":\"https:\/\/formbags.com\/fr\/product\/boite-cadeau-de-luxe-faite-main-avec-poignee\/\",\"name\":\"Bo\u00eete cadeau de luxe faite main avec poign\u00e9e | Formbags\",\"isPartOf\":{\"@id\":\"https:\/\/formbags.com\/fr\/#website\"},\"primaryImageOfPage\":{\"@id\":\"https:\/\/formbags.com\/fr\/product\/boite-cadeau-de-luxe-faite-main-avec-poignee\/#primaryimage\"},\"image\":{\"@id\":\"https:\/\/formbags.com\/fr\/product\/boite-cadeau-de-luxe-faite-main-avec-poignee\/#primaryimage\"},\"thumbnailUrl\":\"https:\/\/formbags.com\/wp-content\/uploads\/2025\/10\/4-3.jpg\",\"datePublished\":\"2025-10-30T13:30:20+00:00\",\"dateModified\":\"2026-03-03T13:10:56+00:00\",\"description\":\"Coffrets cadeaux de luxe faits main avec syst\u00e8me de fermeture innovant, tailles personnalisables, impression offset et diverses poign\u00e9es et finitions.\",\"breadcrumb\":{\"@id\":\"https:\/\/formbags.com\/fr\/product\/boite-cadeau-de-luxe-faite-main-avec-poignee\/#breadcrumb\"},\"inLanguage\":\"fr-FR\",\"potentialAction\":[{\"@type\":\"ReadAction\",\"target\":[\"https:\/\/formbags.com\/fr\/product\/boite-cadeau-de-luxe-faite-main-avec-poignee\/\"]}]},{\"@type\":\"ImageObject\",\"inLanguage\":\"fr-FR\",\"@id\":\"https:\/\/formbags.com\/fr\/product\/boite-cadeau-de-luxe-faite-main-avec-poignee\/#primaryimage\",\"url\":\"https:\/\/formbags.com\/wp-content\/uploads\/2025\/10\/4-3.jpg\",\"contentUrl\":\"https:\/\/formbags.com\/wp-content\/uploads\/2025\/10\/4-3.jpg\",\"width\":1000,\"height\":1200,\"caption\":\"Luxury handmade gift box bag\"},{\"@type\":\"BreadcrumbList\",\"@id\":\"https:\/\/formbags.com\/fr\/product\/boite-cadeau-de-luxe-faite-main-avec-poignee\/#breadcrumb\",\"itemListElement\":[{\"@type\":\"ListItem\",\"position\":1,\"name\":\"Home\",\"item\":\"https:\/\/formbags.com\/fr\/\"},{\"@type\":\"ListItem\",\"position\":2,\"name\":\"Produits\",\"item\":\"https:\/\/formbags.com\/fr\/shop\/\"},{\"@type\":\"ListItem\",\"position\":3,\"name\":\"Bo\u00eete cadeau de luxe faite main avec poign\u00e9e\"}]},{\"@type\":\"WebSite\",\"@id\":\"https:\/\/formbags.com\/fr\/#website\",\"url\":\"https:\/\/formbags.com\/fr\/\",\"name\":\"FormBags\",\"description\":\"\",\"publisher\":{\"@id\":\"https:\/\/formbags.com\/fr\/#organization\"},\"potentialAction\":[{\"@type\":\"SearchAction\",\"target\":{\"@type\":\"EntryPoint\",\"urlTemplate\":\"https:\/\/formbags.com\/fr\/?s={search_term_string}\"},\"query-input\":{\"@type\":\"PropertyValueSpecification\",\"valueRequired\":true,\"valueName\":\"search_term_string\"}}],\"inLanguage\":\"fr-FR\"},{\"@type\":\"Organization\",\"@id\":\"https:\/\/formbags.com\/fr\/#organization\",\"name\":\"Formbags\",\"url\":\"https:\/\/formbags.com\/fr\/\",\"logo\":{\"@type\":\"ImageObject\",\"inLanguage\":\"fr-FR\",\"@id\":\"https:\/\/formbags.com\/fr\/#\/schema\/logo\/image\/\",\"url\":\"https:\/\/formbags.com\/wp-content\/uploads\/2025\/09\/logo_def.png\",\"contentUrl\":\"https:\/\/formbags.com\/wp-content\/uploads\/2025\/09\/logo_def.png\",\"width\":1739,\"height\":258,\"caption\":\"Formbags\"},\"image\":{\"@id\":\"https:\/\/formbags.com\/fr\/#\/schema\/logo\/image\/\"}}]}<\/script>\n<!-- \/ Yoast SEO plugin. -->","yoast_head_json":{"title":"Bo\u00eete cadeau de luxe faite main avec poign\u00e9e | Formbags","description":"Coffrets cadeaux de luxe faits main avec syst\u00e8me de fermeture innovant, tailles personnalisables, impression offset et diverses poign\u00e9es et finitions.","robots":{"index":"index","follow":"follow","max-snippet":"max-snippet:-1","max-image-preview":"max-image-preview:large","max-video-preview":"max-video-preview:-1"},"canonical":"https:\/\/formbags.com\/fr\/product\/boite-cadeau-de-luxe-faite-main-avec-poignee\/","og_locale":"fr_FR","og_type":"article","og_title":"Bo\u00eete cadeau de luxe faite main avec poign\u00e9e | Formbags","og_description":"Coffrets cadeaux de luxe faits main avec syst\u00e8me de fermeture innovant, tailles personnalisables, impression offset et diverses poign\u00e9es et finitions.","og_url":"https:\/\/formbags.com\/fr\/product\/boite-cadeau-de-luxe-faite-main-avec-poignee\/","og_site_name":"FormBags","article_modified_time":"2026-03-03T13:10:56+00:00","og_image":[{"width":1000,"height":1200,"url":"https:\/\/formbags.com\/wp-content\/uploads\/2025\/10\/4-3.jpg","type":"image\/jpeg"}],"twitter_card":"summary_large_image","twitter_misc":{"Dur\u00e9e de lecture estim\u00e9e":"1 minute"},"schema":{"@context":"https:\/\/schema.org","@graph":[{"@type":"WebPage","@id":"https:\/\/formbags.com\/fr\/product\/boite-cadeau-de-luxe-faite-main-avec-poignee\/","url":"https:\/\/formbags.com\/fr\/product\/boite-cadeau-de-luxe-faite-main-avec-poignee\/","name":"Bo\u00eete cadeau de luxe faite main avec poign\u00e9e | Formbags","isPartOf":{"@id":"https:\/\/formbags.com\/fr\/#website"},"primaryImageOfPage":{"@id":"https:\/\/formbags.com\/fr\/product\/boite-cadeau-de-luxe-faite-main-avec-poignee\/#primaryimage"},"image":{"@id":"https:\/\/formbags.com\/fr\/product\/boite-cadeau-de-luxe-faite-main-avec-poignee\/#primaryimage"},"thumbnailUrl":"https:\/\/formbags.com\/wp-content\/uploads\/2025\/10\/4-3.jpg","datePublished":"2025-10-30T13:30:20+00:00","dateModified":"2026-03-03T13:10:56+00:00","description":"Coffrets cadeaux de luxe faits main avec syst\u00e8me de fermeture innovant, tailles personnalisables, impression offset et diverses poign\u00e9es et finitions.","breadcrumb":{"@id":"https:\/\/formbags.com\/fr\/product\/boite-cadeau-de-luxe-faite-main-avec-poignee\/#breadcrumb"},"inLanguage":"fr-FR","potentialAction":[{"@type":"ReadAction","target":["https:\/\/formbags.com\/fr\/product\/boite-cadeau-de-luxe-faite-main-avec-poignee\/"]}]},{"@type":"ImageObject","inLanguage":"fr-FR","@id":"https:\/\/formbags.com\/fr\/product\/boite-cadeau-de-luxe-faite-main-avec-poignee\/#primaryimage","url":"https:\/\/formbags.com\/wp-content\/uploads\/2025\/10\/4-3.jpg","contentUrl":"https:\/\/formbags.com\/wp-content\/uploads\/2025\/10\/4-3.jpg","width":1000,"height":1200,"caption":"Luxury handmade gift box bag"},{"@type":"BreadcrumbList","@id":"https:\/\/formbags.com\/fr\/product\/boite-cadeau-de-luxe-faite-main-avec-poignee\/#breadcrumb","itemListElement":[{"@type":"ListItem","position":1,"name":"Home","item":"https:\/\/formbags.com\/fr\/"},{"@type":"ListItem","position":2,"name":"Produits","item":"https:\/\/formbags.com\/fr\/shop\/"},{"@type":"ListItem","position":3,"name":"Bo\u00eete cadeau de luxe faite main avec poign\u00e9e"}]},{"@type":"WebSite","@id":"https:\/\/formbags.com\/fr\/#website","url":"https:\/\/formbags.com\/fr\/","name":"FormBags","description":"","publisher":{"@id":"https:\/\/formbags.com\/fr\/#organization"},"potentialAction":[{"@type":"SearchAction","target":{"@type":"EntryPoint","urlTemplate":"https:\/\/formbags.com\/fr\/?s={search_term_string}"},"query-input":{"@type":"PropertyValueSpecification","valueRequired":true,"valueName":"search_term_string"}}],"inLanguage":"fr-FR"},{"@type":"Organization","@id":"https:\/\/formbags.com\/fr\/#organization","name":"Formbags","url":"https:\/\/formbags.com\/fr\/","logo":{"@type":"ImageObject","inLanguage":"fr-FR","@id":"https:\/\/formbags.com\/fr\/#\/schema\/logo\/image\/","url":"https:\/\/formbags.com\/wp-content\/uploads\/2025\/09\/logo_def.png","contentUrl":"https:\/\/formbags.com\/wp-content\/uploads\/2025\/09\/logo_def.png","width":1739,"height":258,"caption":"Formbags"},"image":{"@id":"https:\/\/formbags.com\/fr\/#\/schema\/logo\/image\/"}}]}},"_links":{"self":[{"href":"https:\/\/formbags.com\/fr\/wp-json\/wp\/v2\/product\/78021","targetHints":{"allow":["GET"]}}],"collection":[{"href":"https:\/\/formbags.com\/fr\/wp-json\/wp\/v2\/product"}],"about":[{"href":"https:\/\/formbags.com\/fr\/wp-json\/wp\/v2\/types\/product"}],"replies":[{"embeddable":true,"href":"https:\/\/formbags.com\/fr\/wp-json\/wp\/v2\/comments?post=78021"}],"version-history":[{"count":1,"href":"https:\/\/formbags.com\/fr\/wp-json\/wp\/v2\/product\/78021\/revisions"}],"predecessor-version":[{"id":78191,"href":"https:\/\/formbags.com\/fr\/wp-json\/wp\/v2\/product\/78021\/revisions\/78191"}],"wp:featuredmedia":[{"embeddable":true,"href":"https:\/\/formbags.com\/fr\/wp-json\/wp\/v2\/media\/78018"}],"wp:attachment":[{"href":"https:\/\/formbags.com\/fr\/wp-json\/wp\/v2\/media?parent=78021"}],"wp:term":[{"taxonomy":"product_brand","embeddable":true,"href":"https:\/\/formbags.com\/fr\/wp-json\/wp\/v2\/product_brand?post=78021"},{"taxonomy":"product_cat","embeddable":true,"href":"https:\/\/formbags.com\/fr\/wp-json\/wp\/v2\/product_cat?post=78021"},{"taxonomy":"product_tag","embeddable":true,"href":"https:\/\/formbags.com\/fr\/wp-json\/wp\/v2\/product_tag?post=78021"}],"curies":[{"name":"wp","href":"https:\/\/api.w.org\/{rel}","templated":true}]}}