{"id":78019,"date":"2025-10-30T14:23:51","date_gmt":"2025-10-30T13:23:51","guid":{"rendered":"https:\/\/formbags.com\/product\/gift-boxes\/"},"modified":"2026-03-03T14:09:01","modified_gmt":"2026-03-03T13:09:01","slug":"boites-cadeaux","status":"publish","type":"product","link":"https:\/\/formbags.com\/fr\/product\/boites-cadeaux\/","title":{"rendered":"Bo\u00eetes cadeaux"},"content":{"rendered":"","protected":false},"excerpt":{"rendered":"<ul>\n<li class=\"p1\">Construction en carton rigide + papier<\/li>\n<li class=\"p1\">Facile \u00e0 assembler<\/li>\n<li class=\"p1\">Livr\u00e9 \u00e0 plat pour optimiser le transport et le stockage<\/li>\n<li class=\"p1\">Impression offset<\/li>\n<li class=\"p1\">Disponible dans une large gamme de styles et de finitions<\/li>\n<li class=\"p1\">Commande minimale : 1 000 unit\u00e9s<\/li>\n<li class=\"p1\">Notre r\u00e9f. : Mod\u00e8le Box<\/li>\n<\/ul>\n","protected":false},"featured_media":78003,"comment_status":"closed","ping_status":"closed","template":"","meta":[],"product_brand":[],"product_cat":[127],"product_tag":[],"class_list":{"0":"post-78019","1":"product","2":"type-product","3":"status-publish","4":"has-post-thumbnail","6":"product_cat-gift-packaging","8":"first","9":"instock","10":"shipping-taxable","11":"product-type-simple","12":"litho-product-5col"},"yoast_head":"<!-- This site is optimized with the Yoast SEO plugin v26.9 - https:\/\/yoast.com\/product\/yoast-seo-wordpress\/ -->\n<title>Bo\u00eetes cadeaux | Formbags<\/title>\n<meta name=\"description\" content=\"Coffrets cadeaux personnalis\u00e9s et de luxe en carton et papier, faciles \u00e0 assembler et livr\u00e9s \u00e0 plat pour un transport efficace, avec impression offset personnalis\u00e9e.\" \/>\n<meta name=\"robots\" content=\"index, follow, max-snippet:-1, max-image-preview:large, max-video-preview:-1\" \/>\n<link rel=\"canonical\" href=\"https:\/\/formbags.com\/fr\/product\/boites-cadeaux\/\" \/>\n<meta property=\"og:locale\" content=\"fr_FR\" \/>\n<meta property=\"og:type\" content=\"article\" \/>\n<meta property=\"og:title\" content=\"Bo\u00eetes cadeaux | Formbags\" \/>\n<meta property=\"og:description\" content=\"Coffrets cadeaux personnalis\u00e9s et de luxe en carton et papier, faciles \u00e0 assembler et livr\u00e9s \u00e0 plat pour un transport efficace, avec impression offset personnalis\u00e9e.\" \/>\n<meta property=\"og:url\" content=\"https:\/\/formbags.com\/fr\/product\/boites-cadeaux\/\" \/>\n<meta property=\"og:site_name\" content=\"FormBags\" \/>\n<meta property=\"article:modified_time\" content=\"2026-03-03T13:09:01+00:00\" \/>\n<meta property=\"og:image\" content=\"https:\/\/formbags.com\/wp-content\/uploads\/2025\/10\/2-1.jpg\" \/>\n\t<meta property=\"og:image:width\" content=\"1000\" \/>\n\t<meta property=\"og:image:height\" content=\"1200\" \/>\n\t<meta property=\"og:image:type\" content=\"image\/jpeg\" \/>\n<meta name=\"twitter:card\" content=\"summary_large_image\" \/>\n<meta name=\"twitter:label1\" content=\"Dur\u00e9e de lecture estim\u00e9e\" \/>\n\t<meta name=\"twitter:data1\" content=\"1 minute\" \/>\n<script type=\"application\/ld+json\" class=\"yoast-schema-graph\">{\"@context\":\"https:\/\/schema.org\",\"@graph\":[{\"@type\":\"WebPage\",\"@id\":\"https:\/\/formbags.com\/fr\/product\/boites-cadeaux\/\",\"url\":\"https:\/\/formbags.com\/fr\/product\/boites-cadeaux\/\",\"name\":\"Bo\u00eetes cadeaux | Formbags\",\"isPartOf\":{\"@id\":\"https:\/\/formbags.com\/fr\/#website\"},\"primaryImageOfPage\":{\"@id\":\"https:\/\/formbags.com\/fr\/product\/boites-cadeaux\/#primaryimage\"},\"image\":{\"@id\":\"https:\/\/formbags.com\/fr\/product\/boites-cadeaux\/#primaryimage\"},\"thumbnailUrl\":\"https:\/\/formbags.com\/wp-content\/uploads\/2025\/10\/2-1.jpg\",\"datePublished\":\"2025-10-30T13:23:51+00:00\",\"dateModified\":\"2026-03-03T13:09:01+00:00\",\"description\":\"Coffrets cadeaux personnalis\u00e9s et de luxe en carton et papier, faciles \u00e0 assembler et livr\u00e9s \u00e0 plat pour un transport efficace, avec impression offset personnalis\u00e9e.\",\"breadcrumb\":{\"@id\":\"https:\/\/formbags.com\/fr\/product\/boites-cadeaux\/#breadcrumb\"},\"inLanguage\":\"fr-FR\",\"potentialAction\":[{\"@type\":\"ReadAction\",\"target\":[\"https:\/\/formbags.com\/fr\/product\/boites-cadeaux\/\"]}]},{\"@type\":\"ImageObject\",\"inLanguage\":\"fr-FR\",\"@id\":\"https:\/\/formbags.com\/fr\/product\/boites-cadeaux\/#primaryimage\",\"url\":\"https:\/\/formbags.com\/wp-content\/uploads\/2025\/10\/2-1.jpg\",\"contentUrl\":\"https:\/\/formbags.com\/wp-content\/uploads\/2025\/10\/2-1.jpg\",\"width\":1000,\"height\":1200,\"caption\":\"Custom and Luxury Gift boxes\"},{\"@type\":\"BreadcrumbList\",\"@id\":\"https:\/\/formbags.com\/fr\/product\/boites-cadeaux\/#breadcrumb\",\"itemListElement\":[{\"@type\":\"ListItem\",\"position\":1,\"name\":\"Home\",\"item\":\"https:\/\/formbags.com\/fr\/\"},{\"@type\":\"ListItem\",\"position\":2,\"name\":\"Produits\",\"item\":\"https:\/\/formbags.com\/fr\/shop\/\"},{\"@type\":\"ListItem\",\"position\":3,\"name\":\"Bo\u00eetes cadeaux\"}]},{\"@type\":\"WebSite\",\"@id\":\"https:\/\/formbags.com\/fr\/#website\",\"url\":\"https:\/\/formbags.com\/fr\/\",\"name\":\"FormBags\",\"description\":\"\",\"publisher\":{\"@id\":\"https:\/\/formbags.com\/fr\/#organization\"},\"potentialAction\":[{\"@type\":\"SearchAction\",\"target\":{\"@type\":\"EntryPoint\",\"urlTemplate\":\"https:\/\/formbags.com\/fr\/?s={search_term_string}\"},\"query-input\":{\"@type\":\"PropertyValueSpecification\",\"valueRequired\":true,\"valueName\":\"search_term_string\"}}],\"inLanguage\":\"fr-FR\"},{\"@type\":\"Organization\",\"@id\":\"https:\/\/formbags.com\/fr\/#organization\",\"name\":\"Formbags\",\"url\":\"https:\/\/formbags.com\/fr\/\",\"logo\":{\"@type\":\"ImageObject\",\"inLanguage\":\"fr-FR\",\"@id\":\"https:\/\/formbags.com\/fr\/#\/schema\/logo\/image\/\",\"url\":\"https:\/\/formbags.com\/wp-content\/uploads\/2025\/09\/logo_def.png\",\"contentUrl\":\"https:\/\/formbags.com\/wp-content\/uploads\/2025\/09\/logo_def.png\",\"width\":1739,\"height\":258,\"caption\":\"Formbags\"},\"image\":{\"@id\":\"https:\/\/formbags.com\/fr\/#\/schema\/logo\/image\/\"}}]}<\/script>\n<!-- \/ Yoast SEO plugin. -->","yoast_head_json":{"title":"Bo\u00eetes cadeaux | Formbags","description":"Coffrets cadeaux personnalis\u00e9s et de luxe en carton et papier, faciles \u00e0 assembler et livr\u00e9s \u00e0 plat pour un transport efficace, avec impression offset personnalis\u00e9e.","robots":{"index":"index","follow":"follow","max-snippet":"max-snippet:-1","max-image-preview":"max-image-preview:large","max-video-preview":"max-video-preview:-1"},"canonical":"https:\/\/formbags.com\/fr\/product\/boites-cadeaux\/","og_locale":"fr_FR","og_type":"article","og_title":"Bo\u00eetes cadeaux | Formbags","og_description":"Coffrets cadeaux personnalis\u00e9s et de luxe en carton et papier, faciles \u00e0 assembler et livr\u00e9s \u00e0 plat pour un transport efficace, avec impression offset personnalis\u00e9e.","og_url":"https:\/\/formbags.com\/fr\/product\/boites-cadeaux\/","og_site_name":"FormBags","article_modified_time":"2026-03-03T13:09:01+00:00","og_image":[{"width":1000,"height":1200,"url":"https:\/\/formbags.com\/wp-content\/uploads\/2025\/10\/2-1.jpg","type":"image\/jpeg"}],"twitter_card":"summary_large_image","twitter_misc":{"Dur\u00e9e de lecture estim\u00e9e":"1 minute"},"schema":{"@context":"https:\/\/schema.org","@graph":[{"@type":"WebPage","@id":"https:\/\/formbags.com\/fr\/product\/boites-cadeaux\/","url":"https:\/\/formbags.com\/fr\/product\/boites-cadeaux\/","name":"Bo\u00eetes cadeaux | Formbags","isPartOf":{"@id":"https:\/\/formbags.com\/fr\/#website"},"primaryImageOfPage":{"@id":"https:\/\/formbags.com\/fr\/product\/boites-cadeaux\/#primaryimage"},"image":{"@id":"https:\/\/formbags.com\/fr\/product\/boites-cadeaux\/#primaryimage"},"thumbnailUrl":"https:\/\/formbags.com\/wp-content\/uploads\/2025\/10\/2-1.jpg","datePublished":"2025-10-30T13:23:51+00:00","dateModified":"2026-03-03T13:09:01+00:00","description":"Coffrets cadeaux personnalis\u00e9s et de luxe en carton et papier, faciles \u00e0 assembler et livr\u00e9s \u00e0 plat pour un transport efficace, avec impression offset personnalis\u00e9e.","breadcrumb":{"@id":"https:\/\/formbags.com\/fr\/product\/boites-cadeaux\/#breadcrumb"},"inLanguage":"fr-FR","potentialAction":[{"@type":"ReadAction","target":["https:\/\/formbags.com\/fr\/product\/boites-cadeaux\/"]}]},{"@type":"ImageObject","inLanguage":"fr-FR","@id":"https:\/\/formbags.com\/fr\/product\/boites-cadeaux\/#primaryimage","url":"https:\/\/formbags.com\/wp-content\/uploads\/2025\/10\/2-1.jpg","contentUrl":"https:\/\/formbags.com\/wp-content\/uploads\/2025\/10\/2-1.jpg","width":1000,"height":1200,"caption":"Custom and Luxury Gift boxes"},{"@type":"BreadcrumbList","@id":"https:\/\/formbags.com\/fr\/product\/boites-cadeaux\/#breadcrumb","itemListElement":[{"@type":"ListItem","position":1,"name":"Home","item":"https:\/\/formbags.com\/fr\/"},{"@type":"ListItem","position":2,"name":"Produits","item":"https:\/\/formbags.com\/fr\/shop\/"},{"@type":"ListItem","position":3,"name":"Bo\u00eetes cadeaux"}]},{"@type":"WebSite","@id":"https:\/\/formbags.com\/fr\/#website","url":"https:\/\/formbags.com\/fr\/","name":"FormBags","description":"","publisher":{"@id":"https:\/\/formbags.com\/fr\/#organization"},"potentialAction":[{"@type":"SearchAction","target":{"@type":"EntryPoint","urlTemplate":"https:\/\/formbags.com\/fr\/?s={search_term_string}"},"query-input":{"@type":"PropertyValueSpecification","valueRequired":true,"valueName":"search_term_string"}}],"inLanguage":"fr-FR"},{"@type":"Organization","@id":"https:\/\/formbags.com\/fr\/#organization","name":"Formbags","url":"https:\/\/formbags.com\/fr\/","logo":{"@type":"ImageObject","inLanguage":"fr-FR","@id":"https:\/\/formbags.com\/fr\/#\/schema\/logo\/image\/","url":"https:\/\/formbags.com\/wp-content\/uploads\/2025\/09\/logo_def.png","contentUrl":"https:\/\/formbags.com\/wp-content\/uploads\/2025\/09\/logo_def.png","width":1739,"height":258,"caption":"Formbags"},"image":{"@id":"https:\/\/formbags.com\/fr\/#\/schema\/logo\/image\/"}}]}},"_links":{"self":[{"href":"https:\/\/formbags.com\/fr\/wp-json\/wp\/v2\/product\/78019","targetHints":{"allow":["GET"]}}],"collection":[{"href":"https:\/\/formbags.com\/fr\/wp-json\/wp\/v2\/product"}],"about":[{"href":"https:\/\/formbags.com\/fr\/wp-json\/wp\/v2\/types\/product"}],"replies":[{"embeddable":true,"href":"https:\/\/formbags.com\/fr\/wp-json\/wp\/v2\/comments?post=78019"}],"version-history":[{"count":1,"href":"https:\/\/formbags.com\/fr\/wp-json\/wp\/v2\/product\/78019\/revisions"}],"predecessor-version":[{"id":78189,"href":"https:\/\/formbags.com\/fr\/wp-json\/wp\/v2\/product\/78019\/revisions\/78189"}],"wp:featuredmedia":[{"embeddable":true,"href":"https:\/\/formbags.com\/fr\/wp-json\/wp\/v2\/media\/78003"}],"wp:attachment":[{"href":"https:\/\/formbags.com\/fr\/wp-json\/wp\/v2\/media?parent=78019"}],"wp:term":[{"taxonomy":"product_brand","embeddable":true,"href":"https:\/\/formbags.com\/fr\/wp-json\/wp\/v2\/product_brand?post=78019"},{"taxonomy":"product_cat","embeddable":true,"href":"https:\/\/formbags.com\/fr\/wp-json\/wp\/v2\/product_cat?post=78019"},{"taxonomy":"product_tag","embeddable":true,"href":"https:\/\/formbags.com\/fr\/wp-json\/wp\/v2\/product_tag?post=78019"}],"curies":[{"name":"wp","href":"https:\/\/api.w.org\/{rel}","templated":true}]}}