{"id":77995,"date":"2025-10-30T12:41:28","date_gmt":"2025-10-30T11:41:28","guid":{"rendered":"https:\/\/formbags.com\/product\/bespoke-carrier\/"},"modified":"2026-03-03T13:56:51","modified_gmt":"2026-03-03T12:56:51","slug":"sac-sur-mesure","status":"publish","type":"product","link":"https:\/\/formbags.com\/fr\/product\/sac-sur-mesure\/","title":{"rendered":"Sac sur mesure"},"content":{"rendered":"","protected":false},"excerpt":{"rendered":"<ul>\n<li class=\"p1\">Nous pouvons fabriquer un sac selon vos sp\u00e9cifications<\/li>\n<li class=\"p1\">80 \u2013 140 g\/m\u00b2<\/li>\n<li class=\"p1\">Large choix de tailles<\/li>\n<li class=\"p1\">Impression offset<\/li>\n<li class=\"p1\">Commande minimale : 3 000 unit\u00e9s<\/li>\n<\/ul>\n","protected":false},"featured_media":77996,"comment_status":"closed","ping_status":"closed","template":"","meta":[],"product_brand":[],"product_cat":[126],"product_tag":[],"class_list":{"0":"post-77995","1":"product","2":"type-product","3":"status-publish","4":"has-post-thumbnail","6":"product_cat-luxury-hand-made-carriers","8":"first","9":"instock","10":"shipping-taxable","11":"product-type-simple","12":"litho-product-5col"},"yoast_head":"<!-- This site is optimized with the Yoast SEO plugin v26.9 - https:\/\/yoast.com\/product\/yoast-seo-wordpress\/ -->\n<title>Sac sur mesure | Formbags<\/title>\n<meta name=\"description\" content=\"Porte-documents sur mesure, fabriqu\u00e9s selon vos sp\u00e9cifications et disponibles dans une large gamme de formats avec impression offset personnalis\u00e9e.\" \/>\n<meta name=\"robots\" content=\"index, follow, max-snippet:-1, max-image-preview:large, max-video-preview:-1\" \/>\n<link rel=\"canonical\" href=\"https:\/\/formbags.com\/fr\/product\/sac-sur-mesure\/\" \/>\n<meta property=\"og:locale\" content=\"fr_FR\" \/>\n<meta property=\"og:type\" content=\"article\" \/>\n<meta property=\"og:title\" content=\"Sac sur mesure | Formbags\" \/>\n<meta property=\"og:description\" content=\"Porte-documents sur mesure, fabriqu\u00e9s selon vos sp\u00e9cifications et disponibles dans une large gamme de formats avec impression offset personnalis\u00e9e.\" \/>\n<meta property=\"og:url\" content=\"https:\/\/formbags.com\/fr\/product\/sac-sur-mesure\/\" \/>\n<meta property=\"og:site_name\" content=\"FormBags\" \/>\n<meta property=\"article:modified_time\" content=\"2026-03-03T12:56:51+00:00\" \/>\n<meta property=\"og:image\" content=\"https:\/\/formbags.com\/wp-content\/uploads\/2025\/10\/Tavola-da-disegno-1-copia-2-5.jpg\" \/>\n\t<meta property=\"og:image:width\" content=\"1000\" \/>\n\t<meta property=\"og:image:height\" content=\"1200\" \/>\n\t<meta property=\"og:image:type\" content=\"image\/jpeg\" \/>\n<meta name=\"twitter:card\" content=\"summary_large_image\" \/>\n<meta name=\"twitter:label1\" content=\"Dur\u00e9e de lecture estim\u00e9e\" \/>\n\t<meta name=\"twitter:data1\" content=\"1 minute\" \/>\n<script type=\"application\/ld+json\" class=\"yoast-schema-graph\">{\"@context\":\"https:\/\/schema.org\",\"@graph\":[{\"@type\":\"WebPage\",\"@id\":\"https:\/\/formbags.com\/fr\/product\/sac-sur-mesure\/\",\"url\":\"https:\/\/formbags.com\/fr\/product\/sac-sur-mesure\/\",\"name\":\"Sac sur mesure | Formbags\",\"isPartOf\":{\"@id\":\"https:\/\/formbags.com\/fr\/#website\"},\"primaryImageOfPage\":{\"@id\":\"https:\/\/formbags.com\/fr\/product\/sac-sur-mesure\/#primaryimage\"},\"image\":{\"@id\":\"https:\/\/formbags.com\/fr\/product\/sac-sur-mesure\/#primaryimage\"},\"thumbnailUrl\":\"https:\/\/formbags.com\/wp-content\/uploads\/2025\/10\/Tavola-da-disegno-1-copia-2-5.jpg\",\"datePublished\":\"2025-10-30T11:41:28+00:00\",\"dateModified\":\"2026-03-03T12:56:51+00:00\",\"description\":\"Porte-documents sur mesure, fabriqu\u00e9s selon vos sp\u00e9cifications et disponibles dans une large gamme de formats avec impression offset personnalis\u00e9e.\",\"breadcrumb\":{\"@id\":\"https:\/\/formbags.com\/fr\/product\/sac-sur-mesure\/#breadcrumb\"},\"inLanguage\":\"fr-FR\",\"potentialAction\":[{\"@type\":\"ReadAction\",\"target\":[\"https:\/\/formbags.com\/fr\/product\/sac-sur-mesure\/\"]}]},{\"@type\":\"ImageObject\",\"inLanguage\":\"fr-FR\",\"@id\":\"https:\/\/formbags.com\/fr\/product\/sac-sur-mesure\/#primaryimage\",\"url\":\"https:\/\/formbags.com\/wp-content\/uploads\/2025\/10\/Tavola-da-disegno-1-copia-2-5.jpg\",\"contentUrl\":\"https:\/\/formbags.com\/wp-content\/uploads\/2025\/10\/Tavola-da-disegno-1-copia-2-5.jpg\",\"width\":1000,\"height\":1200,\"caption\":\"Bespoke carrier\"},{\"@type\":\"BreadcrumbList\",\"@id\":\"https:\/\/formbags.com\/fr\/product\/sac-sur-mesure\/#breadcrumb\",\"itemListElement\":[{\"@type\":\"ListItem\",\"position\":1,\"name\":\"Home\",\"item\":\"https:\/\/formbags.com\/fr\/\"},{\"@type\":\"ListItem\",\"position\":2,\"name\":\"Produits\",\"item\":\"https:\/\/formbags.com\/fr\/shop\/\"},{\"@type\":\"ListItem\",\"position\":3,\"name\":\"Sac sur mesure\"}]},{\"@type\":\"WebSite\",\"@id\":\"https:\/\/formbags.com\/fr\/#website\",\"url\":\"https:\/\/formbags.com\/fr\/\",\"name\":\"FormBags\",\"description\":\"\",\"publisher\":{\"@id\":\"https:\/\/formbags.com\/fr\/#organization\"},\"potentialAction\":[{\"@type\":\"SearchAction\",\"target\":{\"@type\":\"EntryPoint\",\"urlTemplate\":\"https:\/\/formbags.com\/fr\/?s={search_term_string}\"},\"query-input\":{\"@type\":\"PropertyValueSpecification\",\"valueRequired\":true,\"valueName\":\"search_term_string\"}}],\"inLanguage\":\"fr-FR\"},{\"@type\":\"Organization\",\"@id\":\"https:\/\/formbags.com\/fr\/#organization\",\"name\":\"Formbags\",\"url\":\"https:\/\/formbags.com\/fr\/\",\"logo\":{\"@type\":\"ImageObject\",\"inLanguage\":\"fr-FR\",\"@id\":\"https:\/\/formbags.com\/fr\/#\/schema\/logo\/image\/\",\"url\":\"https:\/\/formbags.com\/wp-content\/uploads\/2025\/09\/logo_def.png\",\"contentUrl\":\"https:\/\/formbags.com\/wp-content\/uploads\/2025\/09\/logo_def.png\",\"width\":1739,\"height\":258,\"caption\":\"Formbags\"},\"image\":{\"@id\":\"https:\/\/formbags.com\/fr\/#\/schema\/logo\/image\/\"}}]}<\/script>\n<!-- \/ Yoast SEO plugin. -->","yoast_head_json":{"title":"Sac sur mesure | Formbags","description":"Porte-documents sur mesure, fabriqu\u00e9s selon vos sp\u00e9cifications et disponibles dans une large gamme de formats avec impression offset personnalis\u00e9e.","robots":{"index":"index","follow":"follow","max-snippet":"max-snippet:-1","max-image-preview":"max-image-preview:large","max-video-preview":"max-video-preview:-1"},"canonical":"https:\/\/formbags.com\/fr\/product\/sac-sur-mesure\/","og_locale":"fr_FR","og_type":"article","og_title":"Sac sur mesure | Formbags","og_description":"Porte-documents sur mesure, fabriqu\u00e9s selon vos sp\u00e9cifications et disponibles dans une large gamme de formats avec impression offset personnalis\u00e9e.","og_url":"https:\/\/formbags.com\/fr\/product\/sac-sur-mesure\/","og_site_name":"FormBags","article_modified_time":"2026-03-03T12:56:51+00:00","og_image":[{"width":1000,"height":1200,"url":"https:\/\/formbags.com\/wp-content\/uploads\/2025\/10\/Tavola-da-disegno-1-copia-2-5.jpg","type":"image\/jpeg"}],"twitter_card":"summary_large_image","twitter_misc":{"Dur\u00e9e de lecture estim\u00e9e":"1 minute"},"schema":{"@context":"https:\/\/schema.org","@graph":[{"@type":"WebPage","@id":"https:\/\/formbags.com\/fr\/product\/sac-sur-mesure\/","url":"https:\/\/formbags.com\/fr\/product\/sac-sur-mesure\/","name":"Sac sur mesure | Formbags","isPartOf":{"@id":"https:\/\/formbags.com\/fr\/#website"},"primaryImageOfPage":{"@id":"https:\/\/formbags.com\/fr\/product\/sac-sur-mesure\/#primaryimage"},"image":{"@id":"https:\/\/formbags.com\/fr\/product\/sac-sur-mesure\/#primaryimage"},"thumbnailUrl":"https:\/\/formbags.com\/wp-content\/uploads\/2025\/10\/Tavola-da-disegno-1-copia-2-5.jpg","datePublished":"2025-10-30T11:41:28+00:00","dateModified":"2026-03-03T12:56:51+00:00","description":"Porte-documents sur mesure, fabriqu\u00e9s selon vos sp\u00e9cifications et disponibles dans une large gamme de formats avec impression offset personnalis\u00e9e.","breadcrumb":{"@id":"https:\/\/formbags.com\/fr\/product\/sac-sur-mesure\/#breadcrumb"},"inLanguage":"fr-FR","potentialAction":[{"@type":"ReadAction","target":["https:\/\/formbags.com\/fr\/product\/sac-sur-mesure\/"]}]},{"@type":"ImageObject","inLanguage":"fr-FR","@id":"https:\/\/formbags.com\/fr\/product\/sac-sur-mesure\/#primaryimage","url":"https:\/\/formbags.com\/wp-content\/uploads\/2025\/10\/Tavola-da-disegno-1-copia-2-5.jpg","contentUrl":"https:\/\/formbags.com\/wp-content\/uploads\/2025\/10\/Tavola-da-disegno-1-copia-2-5.jpg","width":1000,"height":1200,"caption":"Bespoke carrier"},{"@type":"BreadcrumbList","@id":"https:\/\/formbags.com\/fr\/product\/sac-sur-mesure\/#breadcrumb","itemListElement":[{"@type":"ListItem","position":1,"name":"Home","item":"https:\/\/formbags.com\/fr\/"},{"@type":"ListItem","position":2,"name":"Produits","item":"https:\/\/formbags.com\/fr\/shop\/"},{"@type":"ListItem","position":3,"name":"Sac sur mesure"}]},{"@type":"WebSite","@id":"https:\/\/formbags.com\/fr\/#website","url":"https:\/\/formbags.com\/fr\/","name":"FormBags","description":"","publisher":{"@id":"https:\/\/formbags.com\/fr\/#organization"},"potentialAction":[{"@type":"SearchAction","target":{"@type":"EntryPoint","urlTemplate":"https:\/\/formbags.com\/fr\/?s={search_term_string}"},"query-input":{"@type":"PropertyValueSpecification","valueRequired":true,"valueName":"search_term_string"}}],"inLanguage":"fr-FR"},{"@type":"Organization","@id":"https:\/\/formbags.com\/fr\/#organization","name":"Formbags","url":"https:\/\/formbags.com\/fr\/","logo":{"@type":"ImageObject","inLanguage":"fr-FR","@id":"https:\/\/formbags.com\/fr\/#\/schema\/logo\/image\/","url":"https:\/\/formbags.com\/wp-content\/uploads\/2025\/09\/logo_def.png","contentUrl":"https:\/\/formbags.com\/wp-content\/uploads\/2025\/09\/logo_def.png","width":1739,"height":258,"caption":"Formbags"},"image":{"@id":"https:\/\/formbags.com\/fr\/#\/schema\/logo\/image\/"}}]}},"_links":{"self":[{"href":"https:\/\/formbags.com\/fr\/wp-json\/wp\/v2\/product\/77995","targetHints":{"allow":["GET"]}}],"collection":[{"href":"https:\/\/formbags.com\/fr\/wp-json\/wp\/v2\/product"}],"about":[{"href":"https:\/\/formbags.com\/fr\/wp-json\/wp\/v2\/types\/product"}],"replies":[{"embeddable":true,"href":"https:\/\/formbags.com\/fr\/wp-json\/wp\/v2\/comments?post=77995"}],"version-history":[{"count":1,"href":"https:\/\/formbags.com\/fr\/wp-json\/wp\/v2\/product\/77995\/revisions"}],"predecessor-version":[{"id":78187,"href":"https:\/\/formbags.com\/fr\/wp-json\/wp\/v2\/product\/77995\/revisions\/78187"}],"wp:featuredmedia":[{"embeddable":true,"href":"https:\/\/formbags.com\/fr\/wp-json\/wp\/v2\/media\/77996"}],"wp:attachment":[{"href":"https:\/\/formbags.com\/fr\/wp-json\/wp\/v2\/media?parent=77995"}],"wp:term":[{"taxonomy":"product_brand","embeddable":true,"href":"https:\/\/formbags.com\/fr\/wp-json\/wp\/v2\/product_brand?post=77995"},{"taxonomy":"product_cat","embeddable":true,"href":"https:\/\/formbags.com\/fr\/wp-json\/wp\/v2\/product_cat?post=77995"},{"taxonomy":"product_tag","embeddable":true,"href":"https:\/\/formbags.com\/fr\/wp-json\/wp\/v2\/product_tag?post=77995"}],"curies":[{"name":"wp","href":"https:\/\/api.w.org\/{rel}","templated":true}]}}