{"id":77974,"date":"2025-10-30T12:07:19","date_gmt":"2025-10-30T11:07:19","guid":{"rendered":"https:\/\/formbags.com\/product\/twisted-handle-paper-carrier-with-detachable-coupon\/"},"modified":"2026-02-05T17:06:48","modified_gmt":"2026-02-05T16:06:48","slug":"sac-kraft-a-poignees-torsadees-avec-coupon-detachable","status":"publish","type":"product","link":"https:\/\/formbags.com\/fr\/product\/sac-kraft-a-poignees-torsadees-avec-coupon-detachable\/","title":{"rendered":"Sac kraft \u00e0 poign\u00e9es torsad\u00e9es avec coupon d\u00e9tachable"},"content":{"rendered":"","protected":false},"excerpt":{"rendered":"<ul>\n<li class=\"p1\">120 \u2013 300 g\/m\u00b2<\/li>\n<li class=\"p1\">Fond carr\u00e9 et soufflets lat\u00e9raux<\/li>\n<li class=\"p1\">Renfort en carton sous rabat sup\u00e9rieur<\/li>\n<li class=\"p1\">Impression flexographique<\/li>\n<li class=\"p1\">Poign\u00e9es en corde ou en ruban, avec clip en ac\u00e9tate de cellulose ou nou\u00e9es<\/li>\n<li class=\"p1\">Diff\u00e9rentes finitions<\/li>\n<li class=\"p1\">Fond carton ajust\u00e9 en option<\/li>\n<li class=\"p1\">Dimensions de 15 \u00d7 20 \u00d7 8 + 4 cm \u00e0 41 \u00d7 45 \u00d7 15 + 5 cm<\/li>\n<li class=\"p1\">Commande minimale : 50 000 unit\u00e9s<\/li>\n<li class=\"p1\">Notre r\u00e9f. : Mod\u00e8le MAU<\/li>\n<\/ul>\n","protected":false},"featured_media":77976,"comment_status":"closed","ping_status":"closed","template":"","meta":[],"product_brand":[],"product_cat":[125],"product_tag":[],"class_list":{"0":"post-77974","1":"product","2":"type-product","3":"status-publish","4":"has-post-thumbnail","6":"product_cat-machine-made-paper-carrier-bag","8":"first","9":"instock","10":"shipping-taxable","11":"product-type-simple","12":"litho-product-5col"},"yoast_head":"<!-- This site is optimized with the Yoast SEO plugin v26.9 - https:\/\/yoast.com\/product\/yoast-seo-wordpress\/ -->\n<title>Sac kraft \u00e0 poign\u00e9es torsad\u00e9es avec coupon d\u00e9tachable - FormBags<\/title>\n<meta name=\"robots\" content=\"index, follow, max-snippet:-1, max-image-preview:large, max-video-preview:-1\" \/>\n<link rel=\"canonical\" href=\"https:\/\/formbags.com\/fr\/product\/sac-kraft-a-poignees-torsadees-avec-coupon-detachable\/\" \/>\n<meta property=\"og:locale\" content=\"fr_FR\" \/>\n<meta property=\"og:type\" content=\"article\" \/>\n<meta property=\"og:title\" content=\"Sac kraft \u00e0 poign\u00e9es torsad\u00e9es avec coupon d\u00e9tachable - FormBags\" \/>\n<meta property=\"og:description\" content=\"120 \u2013 300 g\/m\u00b2  Fond carr\u00e9 et soufflets lat\u00e9raux  Renfort en carton sous rabat sup\u00e9rieur  Impression flexographique  Poign\u00e9es en corde ou en ruban, avec clip en ac\u00e9tate de cellulose ou nou\u00e9es  Diff\u00e9rentes finitions  Fond carton ajust\u00e9 en option  Dimensions de 15 \u00d7 20 \u00d7 8 + 4 cm \u00e0 41 \u00d7 45 \u00d7 15 + 5 cm  Commande minimale : 50 000 unit\u00e9s  Notre r\u00e9f. : Mod\u00e8le MAU\" \/>\n<meta property=\"og:url\" content=\"https:\/\/formbags.com\/fr\/product\/sac-kraft-a-poignees-torsadees-avec-coupon-detachable\/\" \/>\n<meta property=\"og:site_name\" content=\"FormBags\" \/>\n<meta property=\"article:modified_time\" content=\"2026-02-05T16:06:48+00:00\" \/>\n<meta property=\"og:image\" content=\"https:\/\/formbags.com\/wp-content\/uploads\/2025\/09\/logo_def.png\" \/>\n\t<meta property=\"og:image:width\" content=\"1739\" \/>\n\t<meta property=\"og:image:height\" content=\"258\" \/>\n\t<meta property=\"og:image:type\" content=\"image\/png\" \/>\n<meta name=\"twitter:card\" content=\"summary_large_image\" \/>\n<script type=\"application\/ld+json\" class=\"yoast-schema-graph\">{\"@context\":\"https:\/\/schema.org\",\"@graph\":[{\"@type\":\"WebPage\",\"@id\":\"https:\/\/formbags.com\/fr\/product\/sac-kraft-a-poignees-torsadees-avec-coupon-detachable\/\",\"url\":\"https:\/\/formbags.com\/fr\/product\/sac-kraft-a-poignees-torsadees-avec-coupon-detachable\/\",\"name\":\"Sac kraft \u00e0 poign\u00e9es torsad\u00e9es avec coupon d\u00e9tachable - FormBags\",\"isPartOf\":{\"@id\":\"https:\/\/formbags.com\/fr\/#website\"},\"primaryImageOfPage\":{\"@id\":\"https:\/\/formbags.com\/fr\/product\/sac-kraft-a-poignees-torsadees-avec-coupon-detachable\/#primaryimage\"},\"image\":{\"@id\":\"https:\/\/formbags.com\/fr\/product\/sac-kraft-a-poignees-torsadees-avec-coupon-detachable\/#primaryimage\"},\"thumbnailUrl\":\"https:\/\/formbags.com\/wp-content\/uploads\/2025\/10\/Tavola-da-disegno-1-3.jpg\",\"datePublished\":\"2025-10-30T11:07:19+00:00\",\"dateModified\":\"2026-02-05T16:06:48+00:00\",\"breadcrumb\":{\"@id\":\"https:\/\/formbags.com\/fr\/product\/sac-kraft-a-poignees-torsadees-avec-coupon-detachable\/#breadcrumb\"},\"inLanguage\":\"fr-FR\",\"potentialAction\":[{\"@type\":\"ReadAction\",\"target\":[\"https:\/\/formbags.com\/fr\/product\/sac-kraft-a-poignees-torsadees-avec-coupon-detachable\/\"]}]},{\"@type\":\"ImageObject\",\"inLanguage\":\"fr-FR\",\"@id\":\"https:\/\/formbags.com\/fr\/product\/sac-kraft-a-poignees-torsadees-avec-coupon-detachable\/#primaryimage\",\"url\":\"https:\/\/formbags.com\/wp-content\/uploads\/2025\/10\/Tavola-da-disegno-1-3.jpg\",\"contentUrl\":\"https:\/\/formbags.com\/wp-content\/uploads\/2025\/10\/Tavola-da-disegno-1-3.jpg\",\"width\":1000,\"height\":1200,\"caption\":\"Twisted handle paper carrier with detachable coupon\"},{\"@type\":\"BreadcrumbList\",\"@id\":\"https:\/\/formbags.com\/fr\/product\/sac-kraft-a-poignees-torsadees-avec-coupon-detachable\/#breadcrumb\",\"itemListElement\":[{\"@type\":\"ListItem\",\"position\":1,\"name\":\"Home\",\"item\":\"https:\/\/formbags.com\/fr\/\"},{\"@type\":\"ListItem\",\"position\":2,\"name\":\"Produits\",\"item\":\"https:\/\/formbags.com\/fr\/shop\/\"},{\"@type\":\"ListItem\",\"position\":3,\"name\":\"Twisted handle paper carrier with detachable coupon\"}]},{\"@type\":\"WebSite\",\"@id\":\"https:\/\/formbags.com\/fr\/#website\",\"url\":\"https:\/\/formbags.com\/fr\/\",\"name\":\"FormBags\",\"description\":\"\",\"publisher\":{\"@id\":\"https:\/\/formbags.com\/fr\/#organization\"},\"potentialAction\":[{\"@type\":\"SearchAction\",\"target\":{\"@type\":\"EntryPoint\",\"urlTemplate\":\"https:\/\/formbags.com\/fr\/?s={search_term_string}\"},\"query-input\":{\"@type\":\"PropertyValueSpecification\",\"valueRequired\":true,\"valueName\":\"search_term_string\"}}],\"inLanguage\":\"fr-FR\"},{\"@type\":\"Organization\",\"@id\":\"https:\/\/formbags.com\/fr\/#organization\",\"name\":\"Formbags\",\"url\":\"https:\/\/formbags.com\/fr\/\",\"logo\":{\"@type\":\"ImageObject\",\"inLanguage\":\"fr-FR\",\"@id\":\"https:\/\/formbags.com\/fr\/#\/schema\/logo\/image\/\",\"url\":\"https:\/\/formbags.com\/wp-content\/uploads\/2025\/09\/logo_def.png\",\"contentUrl\":\"https:\/\/formbags.com\/wp-content\/uploads\/2025\/09\/logo_def.png\",\"width\":1739,\"height\":258,\"caption\":\"Formbags\"},\"image\":{\"@id\":\"https:\/\/formbags.com\/fr\/#\/schema\/logo\/image\/\"}}]}<\/script>\n<!-- \/ Yoast SEO plugin. -->","yoast_head_json":{"title":"Sac kraft \u00e0 poign\u00e9es torsad\u00e9es avec coupon d\u00e9tachable - FormBags","robots":{"index":"index","follow":"follow","max-snippet":"max-snippet:-1","max-image-preview":"max-image-preview:large","max-video-preview":"max-video-preview:-1"},"canonical":"https:\/\/formbags.com\/fr\/product\/sac-kraft-a-poignees-torsadees-avec-coupon-detachable\/","og_locale":"fr_FR","og_type":"article","og_title":"Sac kraft \u00e0 poign\u00e9es torsad\u00e9es avec coupon d\u00e9tachable - FormBags","og_description":"120 \u2013 300 g\/m\u00b2  Fond carr\u00e9 et soufflets lat\u00e9raux  Renfort en carton sous rabat sup\u00e9rieur  Impression flexographique  Poign\u00e9es en corde ou en ruban, avec clip en ac\u00e9tate de cellulose ou nou\u00e9es  Diff\u00e9rentes finitions  Fond carton ajust\u00e9 en option  Dimensions de 15 \u00d7 20 \u00d7 8 + 4 cm \u00e0 41 \u00d7 45 \u00d7 15 + 5 cm  Commande minimale : 50 000 unit\u00e9s  Notre r\u00e9f. : Mod\u00e8le MAU","og_url":"https:\/\/formbags.com\/fr\/product\/sac-kraft-a-poignees-torsadees-avec-coupon-detachable\/","og_site_name":"FormBags","article_modified_time":"2026-02-05T16:06:48+00:00","og_image":[{"width":1739,"height":258,"url":"https:\/\/formbags.com\/wp-content\/uploads\/2025\/09\/logo_def.png","type":"image\/png"}],"twitter_card":"summary_large_image","schema":{"@context":"https:\/\/schema.org","@graph":[{"@type":"WebPage","@id":"https:\/\/formbags.com\/fr\/product\/sac-kraft-a-poignees-torsadees-avec-coupon-detachable\/","url":"https:\/\/formbags.com\/fr\/product\/sac-kraft-a-poignees-torsadees-avec-coupon-detachable\/","name":"Sac kraft \u00e0 poign\u00e9es torsad\u00e9es avec coupon d\u00e9tachable - FormBags","isPartOf":{"@id":"https:\/\/formbags.com\/fr\/#website"},"primaryImageOfPage":{"@id":"https:\/\/formbags.com\/fr\/product\/sac-kraft-a-poignees-torsadees-avec-coupon-detachable\/#primaryimage"},"image":{"@id":"https:\/\/formbags.com\/fr\/product\/sac-kraft-a-poignees-torsadees-avec-coupon-detachable\/#primaryimage"},"thumbnailUrl":"https:\/\/formbags.com\/wp-content\/uploads\/2025\/10\/Tavola-da-disegno-1-3.jpg","datePublished":"2025-10-30T11:07:19+00:00","dateModified":"2026-02-05T16:06:48+00:00","breadcrumb":{"@id":"https:\/\/formbags.com\/fr\/product\/sac-kraft-a-poignees-torsadees-avec-coupon-detachable\/#breadcrumb"},"inLanguage":"fr-FR","potentialAction":[{"@type":"ReadAction","target":["https:\/\/formbags.com\/fr\/product\/sac-kraft-a-poignees-torsadees-avec-coupon-detachable\/"]}]},{"@type":"ImageObject","inLanguage":"fr-FR","@id":"https:\/\/formbags.com\/fr\/product\/sac-kraft-a-poignees-torsadees-avec-coupon-detachable\/#primaryimage","url":"https:\/\/formbags.com\/wp-content\/uploads\/2025\/10\/Tavola-da-disegno-1-3.jpg","contentUrl":"https:\/\/formbags.com\/wp-content\/uploads\/2025\/10\/Tavola-da-disegno-1-3.jpg","width":1000,"height":1200,"caption":"Twisted handle paper carrier with detachable coupon"},{"@type":"BreadcrumbList","@id":"https:\/\/formbags.com\/fr\/product\/sac-kraft-a-poignees-torsadees-avec-coupon-detachable\/#breadcrumb","itemListElement":[{"@type":"ListItem","position":1,"name":"Home","item":"https:\/\/formbags.com\/fr\/"},{"@type":"ListItem","position":2,"name":"Produits","item":"https:\/\/formbags.com\/fr\/shop\/"},{"@type":"ListItem","position":3,"name":"Twisted handle paper carrier with detachable coupon"}]},{"@type":"WebSite","@id":"https:\/\/formbags.com\/fr\/#website","url":"https:\/\/formbags.com\/fr\/","name":"FormBags","description":"","publisher":{"@id":"https:\/\/formbags.com\/fr\/#organization"},"potentialAction":[{"@type":"SearchAction","target":{"@type":"EntryPoint","urlTemplate":"https:\/\/formbags.com\/fr\/?s={search_term_string}"},"query-input":{"@type":"PropertyValueSpecification","valueRequired":true,"valueName":"search_term_string"}}],"inLanguage":"fr-FR"},{"@type":"Organization","@id":"https:\/\/formbags.com\/fr\/#organization","name":"Formbags","url":"https:\/\/formbags.com\/fr\/","logo":{"@type":"ImageObject","inLanguage":"fr-FR","@id":"https:\/\/formbags.com\/fr\/#\/schema\/logo\/image\/","url":"https:\/\/formbags.com\/wp-content\/uploads\/2025\/09\/logo_def.png","contentUrl":"https:\/\/formbags.com\/wp-content\/uploads\/2025\/09\/logo_def.png","width":1739,"height":258,"caption":"Formbags"},"image":{"@id":"https:\/\/formbags.com\/fr\/#\/schema\/logo\/image\/"}}]}},"_links":{"self":[{"href":"https:\/\/formbags.com\/fr\/wp-json\/wp\/v2\/product\/77974","targetHints":{"allow":["GET"]}}],"collection":[{"href":"https:\/\/formbags.com\/fr\/wp-json\/wp\/v2\/product"}],"about":[{"href":"https:\/\/formbags.com\/fr\/wp-json\/wp\/v2\/types\/product"}],"replies":[{"embeddable":true,"href":"https:\/\/formbags.com\/fr\/wp-json\/wp\/v2\/comments?post=77974"}],"version-history":[{"count":0,"href":"https:\/\/formbags.com\/fr\/wp-json\/wp\/v2\/product\/77974\/revisions"}],"wp:featuredmedia":[{"embeddable":true,"href":"https:\/\/formbags.com\/fr\/wp-json\/wp\/v2\/media\/77976"}],"wp:attachment":[{"href":"https:\/\/formbags.com\/fr\/wp-json\/wp\/v2\/media?parent=77974"}],"wp:term":[{"taxonomy":"product_brand","embeddable":true,"href":"https:\/\/formbags.com\/fr\/wp-json\/wp\/v2\/product_brand?post=77974"},{"taxonomy":"product_cat","embeddable":true,"href":"https:\/\/formbags.com\/fr\/wp-json\/wp\/v2\/product_cat?post=77974"},{"taxonomy":"product_tag","embeddable":true,"href":"https:\/\/formbags.com\/fr\/wp-json\/wp\/v2\/product_tag?post=77974"}],"curies":[{"name":"wp","href":"https:\/\/api.w.org\/{rel}","templated":true}]}}