{"id":77954,"date":"2021-01-12T06:51:35","date_gmt":"2021-01-12T05:51:35","guid":{"rendered":"https:\/\/formbags.com\/product\/tape-handle-paper-carrier\/"},"modified":"2026-02-05T16:42:46","modified_gmt":"2026-02-05T15:42:46","slug":"sacs-kraft-poignees-plates","status":"publish","type":"product","link":"https:\/\/formbags.com\/fr\/product\/sacs-kraft-poignees-plates\/","title":{"rendered":"Sacs kraft poign\u00e9es plates"},"content":{"rendered":"","protected":false},"excerpt":{"rendered":"<ul>\n<li class=\"p1\">80 \u2013 140 g\/m\u00b2<\/li>\n<li class=\"p1\">Fond carr\u00e9 et soufflets lat\u00e9raux<\/li>\n<li class=\"p1\">Poign\u00e9es en papier torsad\u00e9 ou en coton, fix\u00e9es par patch coll\u00e9<\/li>\n<li class=\"p1\">Impression flexographique<\/li>\n<li class=\"p1\">Fond carton en option<\/li>\n<li class=\"p1\">Dimensions de 14 \u00d7 19 \u00d7 8 cm \u00e0 55 \u00d7 49 \u00d7 14 cm<\/li>\n<li class=\"p1\">Commande minimale : 3 000 \u00e0 25 000 unit\u00e9s selon le format<\/li>\n<li class=\"p1\">Notre r\u00e9f. : Mod\u00e8le Z<\/li>\n<\/ul>\n","protected":false},"featured_media":77947,"comment_status":"closed","ping_status":"closed","template":"","meta":[],"product_brand":[],"product_cat":[125],"product_tag":[],"class_list":{"0":"post-77954","1":"product","2":"type-product","3":"status-publish","4":"has-post-thumbnail","6":"product_cat-machine-made-paper-carrier-bag","8":"first","9":"instock","10":"shipping-taxable","11":"product-type-simple","12":"litho-product-5col"},"yoast_head":"<!-- This site is optimized with the Yoast SEO plugin v26.9 - https:\/\/yoast.com\/product\/yoast-seo-wordpress\/ -->\n<title>Sacs kraft poign\u00e9es plates - FormBags<\/title>\n<meta name=\"robots\" content=\"index, follow, max-snippet:-1, max-image-preview:large, max-video-preview:-1\" \/>\n<link rel=\"canonical\" href=\"https:\/\/formbags.com\/fr\/product\/sacs-kraft-poignees-plates\/\" \/>\n<meta property=\"og:locale\" content=\"fr_FR\" \/>\n<meta property=\"og:type\" content=\"article\" \/>\n<meta property=\"og:title\" content=\"Sacs kraft poign\u00e9es plates - FormBags\" \/>\n<meta property=\"og:description\" content=\"80 \u2013 140 g\/m\u00b2  Fond carr\u00e9 et soufflets lat\u00e9raux  Poign\u00e9es en papier torsad\u00e9 ou en coton, fix\u00e9es par patch coll\u00e9  Impression flexographique  Fond carton en option  Dimensions de 14 \u00d7 19 \u00d7 8 cm \u00e0 55 \u00d7 49 \u00d7 14 cm  Commande minimale : 3 000 \u00e0 25 000 unit\u00e9s selon le format  Notre r\u00e9f. : Mod\u00e8le Z\" \/>\n<meta property=\"og:url\" content=\"https:\/\/formbags.com\/fr\/product\/sacs-kraft-poignees-plates\/\" \/>\n<meta property=\"og:site_name\" content=\"FormBags\" \/>\n<meta property=\"article:modified_time\" content=\"2026-02-05T15:42:46+00:00\" \/>\n<meta property=\"og:image\" content=\"https:\/\/formbags.com\/wp-content\/uploads\/2025\/09\/logo_def.png\" \/>\n\t<meta property=\"og:image:width\" content=\"1739\" \/>\n\t<meta property=\"og:image:height\" content=\"258\" \/>\n\t<meta property=\"og:image:type\" content=\"image\/png\" \/>\n<meta name=\"twitter:card\" content=\"summary_large_image\" \/>\n<script type=\"application\/ld+json\" class=\"yoast-schema-graph\">{\"@context\":\"https:\/\/schema.org\",\"@graph\":[{\"@type\":\"WebPage\",\"@id\":\"https:\/\/formbags.com\/fr\/product\/sacs-kraft-poignees-plates\/\",\"url\":\"https:\/\/formbags.com\/fr\/product\/sacs-kraft-poignees-plates\/\",\"name\":\"Sacs kraft poign\u00e9es plates - FormBags\",\"isPartOf\":{\"@id\":\"https:\/\/formbags.com\/fr\/#website\"},\"primaryImageOfPage\":{\"@id\":\"https:\/\/formbags.com\/fr\/product\/sacs-kraft-poignees-plates\/#primaryimage\"},\"image\":{\"@id\":\"https:\/\/formbags.com\/fr\/product\/sacs-kraft-poignees-plates\/#primaryimage\"},\"thumbnailUrl\":\"https:\/\/formbags.com\/wp-content\/uploads\/2021\/01\/Tavola-da-disegno-1-copia-2.jpg\",\"datePublished\":\"2021-01-12T05:51:35+00:00\",\"dateModified\":\"2026-02-05T15:42:46+00:00\",\"breadcrumb\":{\"@id\":\"https:\/\/formbags.com\/fr\/product\/sacs-kraft-poignees-plates\/#breadcrumb\"},\"inLanguage\":\"fr-FR\",\"potentialAction\":[{\"@type\":\"ReadAction\",\"target\":[\"https:\/\/formbags.com\/fr\/product\/sacs-kraft-poignees-plates\/\"]}]},{\"@type\":\"ImageObject\",\"inLanguage\":\"fr-FR\",\"@id\":\"https:\/\/formbags.com\/fr\/product\/sacs-kraft-poignees-plates\/#primaryimage\",\"url\":\"https:\/\/formbags.com\/wp-content\/uploads\/2021\/01\/Tavola-da-disegno-1-copia-2.jpg\",\"contentUrl\":\"https:\/\/formbags.com\/wp-content\/uploads\/2021\/01\/Tavola-da-disegno-1-copia-2.jpg\",\"width\":1000,\"height\":1200},{\"@type\":\"BreadcrumbList\",\"@id\":\"https:\/\/formbags.com\/fr\/product\/sacs-kraft-poignees-plates\/#breadcrumb\",\"itemListElement\":[{\"@type\":\"ListItem\",\"position\":1,\"name\":\"Home\",\"item\":\"https:\/\/formbags.com\/fr\/\"},{\"@type\":\"ListItem\",\"position\":2,\"name\":\"Produits\",\"item\":\"https:\/\/formbags.com\/fr\/shop\/\"},{\"@type\":\"ListItem\",\"position\":3,\"name\":\"Tape handle paper carrier\"}]},{\"@type\":\"WebSite\",\"@id\":\"https:\/\/formbags.com\/fr\/#website\",\"url\":\"https:\/\/formbags.com\/fr\/\",\"name\":\"FormBags\",\"description\":\"\",\"publisher\":{\"@id\":\"https:\/\/formbags.com\/fr\/#organization\"},\"potentialAction\":[{\"@type\":\"SearchAction\",\"target\":{\"@type\":\"EntryPoint\",\"urlTemplate\":\"https:\/\/formbags.com\/fr\/?s={search_term_string}\"},\"query-input\":{\"@type\":\"PropertyValueSpecification\",\"valueRequired\":true,\"valueName\":\"search_term_string\"}}],\"inLanguage\":\"fr-FR\"},{\"@type\":\"Organization\",\"@id\":\"https:\/\/formbags.com\/fr\/#organization\",\"name\":\"Formbags\",\"url\":\"https:\/\/formbags.com\/fr\/\",\"logo\":{\"@type\":\"ImageObject\",\"inLanguage\":\"fr-FR\",\"@id\":\"https:\/\/formbags.com\/fr\/#\/schema\/logo\/image\/\",\"url\":\"https:\/\/formbags.com\/wp-content\/uploads\/2025\/09\/logo_def.png\",\"contentUrl\":\"https:\/\/formbags.com\/wp-content\/uploads\/2025\/09\/logo_def.png\",\"width\":1739,\"height\":258,\"caption\":\"Formbags\"},\"image\":{\"@id\":\"https:\/\/formbags.com\/fr\/#\/schema\/logo\/image\/\"}}]}<\/script>\n<!-- \/ Yoast SEO plugin. -->","yoast_head_json":{"title":"Sacs kraft poign\u00e9es plates - FormBags","robots":{"index":"index","follow":"follow","max-snippet":"max-snippet:-1","max-image-preview":"max-image-preview:large","max-video-preview":"max-video-preview:-1"},"canonical":"https:\/\/formbags.com\/fr\/product\/sacs-kraft-poignees-plates\/","og_locale":"fr_FR","og_type":"article","og_title":"Sacs kraft poign\u00e9es plates - FormBags","og_description":"80 \u2013 140 g\/m\u00b2  Fond carr\u00e9 et soufflets lat\u00e9raux  Poign\u00e9es en papier torsad\u00e9 ou en coton, fix\u00e9es par patch coll\u00e9  Impression flexographique  Fond carton en option  Dimensions de 14 \u00d7 19 \u00d7 8 cm \u00e0 55 \u00d7 49 \u00d7 14 cm  Commande minimale : 3 000 \u00e0 25 000 unit\u00e9s selon le format  Notre r\u00e9f. : Mod\u00e8le Z","og_url":"https:\/\/formbags.com\/fr\/product\/sacs-kraft-poignees-plates\/","og_site_name":"FormBags","article_modified_time":"2026-02-05T15:42:46+00:00","og_image":[{"width":1739,"height":258,"url":"https:\/\/formbags.com\/wp-content\/uploads\/2025\/09\/logo_def.png","type":"image\/png"}],"twitter_card":"summary_large_image","schema":{"@context":"https:\/\/schema.org","@graph":[{"@type":"WebPage","@id":"https:\/\/formbags.com\/fr\/product\/sacs-kraft-poignees-plates\/","url":"https:\/\/formbags.com\/fr\/product\/sacs-kraft-poignees-plates\/","name":"Sacs kraft poign\u00e9es plates - FormBags","isPartOf":{"@id":"https:\/\/formbags.com\/fr\/#website"},"primaryImageOfPage":{"@id":"https:\/\/formbags.com\/fr\/product\/sacs-kraft-poignees-plates\/#primaryimage"},"image":{"@id":"https:\/\/formbags.com\/fr\/product\/sacs-kraft-poignees-plates\/#primaryimage"},"thumbnailUrl":"https:\/\/formbags.com\/wp-content\/uploads\/2021\/01\/Tavola-da-disegno-1-copia-2.jpg","datePublished":"2021-01-12T05:51:35+00:00","dateModified":"2026-02-05T15:42:46+00:00","breadcrumb":{"@id":"https:\/\/formbags.com\/fr\/product\/sacs-kraft-poignees-plates\/#breadcrumb"},"inLanguage":"fr-FR","potentialAction":[{"@type":"ReadAction","target":["https:\/\/formbags.com\/fr\/product\/sacs-kraft-poignees-plates\/"]}]},{"@type":"ImageObject","inLanguage":"fr-FR","@id":"https:\/\/formbags.com\/fr\/product\/sacs-kraft-poignees-plates\/#primaryimage","url":"https:\/\/formbags.com\/wp-content\/uploads\/2021\/01\/Tavola-da-disegno-1-copia-2.jpg","contentUrl":"https:\/\/formbags.com\/wp-content\/uploads\/2021\/01\/Tavola-da-disegno-1-copia-2.jpg","width":1000,"height":1200},{"@type":"BreadcrumbList","@id":"https:\/\/formbags.com\/fr\/product\/sacs-kraft-poignees-plates\/#breadcrumb","itemListElement":[{"@type":"ListItem","position":1,"name":"Home","item":"https:\/\/formbags.com\/fr\/"},{"@type":"ListItem","position":2,"name":"Produits","item":"https:\/\/formbags.com\/fr\/shop\/"},{"@type":"ListItem","position":3,"name":"Tape handle paper carrier"}]},{"@type":"WebSite","@id":"https:\/\/formbags.com\/fr\/#website","url":"https:\/\/formbags.com\/fr\/","name":"FormBags","description":"","publisher":{"@id":"https:\/\/formbags.com\/fr\/#organization"},"potentialAction":[{"@type":"SearchAction","target":{"@type":"EntryPoint","urlTemplate":"https:\/\/formbags.com\/fr\/?s={search_term_string}"},"query-input":{"@type":"PropertyValueSpecification","valueRequired":true,"valueName":"search_term_string"}}],"inLanguage":"fr-FR"},{"@type":"Organization","@id":"https:\/\/formbags.com\/fr\/#organization","name":"Formbags","url":"https:\/\/formbags.com\/fr\/","logo":{"@type":"ImageObject","inLanguage":"fr-FR","@id":"https:\/\/formbags.com\/fr\/#\/schema\/logo\/image\/","url":"https:\/\/formbags.com\/wp-content\/uploads\/2025\/09\/logo_def.png","contentUrl":"https:\/\/formbags.com\/wp-content\/uploads\/2025\/09\/logo_def.png","width":1739,"height":258,"caption":"Formbags"},"image":{"@id":"https:\/\/formbags.com\/fr\/#\/schema\/logo\/image\/"}}]}},"_links":{"self":[{"href":"https:\/\/formbags.com\/fr\/wp-json\/wp\/v2\/product\/77954","targetHints":{"allow":["GET"]}}],"collection":[{"href":"https:\/\/formbags.com\/fr\/wp-json\/wp\/v2\/product"}],"about":[{"href":"https:\/\/formbags.com\/fr\/wp-json\/wp\/v2\/types\/product"}],"replies":[{"embeddable":true,"href":"https:\/\/formbags.com\/fr\/wp-json\/wp\/v2\/comments?post=77954"}],"version-history":[{"count":0,"href":"https:\/\/formbags.com\/fr\/wp-json\/wp\/v2\/product\/77954\/revisions"}],"wp:featuredmedia":[{"embeddable":true,"href":"https:\/\/formbags.com\/fr\/wp-json\/wp\/v2\/media\/77947"}],"wp:attachment":[{"href":"https:\/\/formbags.com\/fr\/wp-json\/wp\/v2\/media?parent=77954"}],"wp:term":[{"taxonomy":"product_brand","embeddable":true,"href":"https:\/\/formbags.com\/fr\/wp-json\/wp\/v2\/product_brand?post=77954"},{"taxonomy":"product_cat","embeddable":true,"href":"https:\/\/formbags.com\/fr\/wp-json\/wp\/v2\/product_cat?post=77954"},{"taxonomy":"product_tag","embeddable":true,"href":"https:\/\/formbags.com\/fr\/wp-json\/wp\/v2\/product_tag?post=77954"}],"curies":[{"name":"wp","href":"https:\/\/api.w.org\/{rel}","templated":true}]}}