{"id":78127,"date":"2025-10-30T15:55:22","date_gmt":"2025-10-30T14:55:22","guid":{"rendered":"https:\/\/formbags.com\/company-info\/"},"modified":"2026-02-05T16:40:49","modified_gmt":"2026-02-05T15:40:49","slug":"informations-sur-l-entreprise","status":"publish","type":"page","link":"https:\/\/formbags.com\/fr\/informations-sur-l-entreprise\/","title":{"rendered":"Informations sur l&rsquo;entreprise"},"content":{"rendered":"\t\t<div data-elementor-type=\"wp-page\" data-elementor-id=\"78127\" class=\"elementor elementor-78127 elementor-76589\" data-elementor-post-type=\"page\">\n\t\t\t\t\t\t<section class=\"elementor-section elementor-top-section elementor-element elementor-element-9209354 elementor-section-boxed elementor-section-height-default elementor-section-height-default\" data-id=\"9209354\" data-element_type=\"section\">\n\t\t\t\t\t\t<div class=\"elementor-container elementor-column-gap-default\">\n\t\t\t\t\t<div class=\" elementor-column elementor-col-100 elementor-top-column elementor-element elementor-element-ef77498\" data-fullscreen-column-settings=\"{&quot;fullscreen&quot;:&quot;&quot;}\" data-id=\"ef77498\" data-element_type=\"column\">\n\t\t\t<div class=\"elementor-widget-wrap elementor-element-populated\">\n\t\t\t\t\t\t<div class=\"elementor-element elementor-element-f86747a elementor-widget elementor-widget-image\" data-id=\"f86747a\" data-element_type=\"widget\" data-widget_type=\"image.default\">\n\t\t\t\t\t\t\t\t\t\t\t\t\t\t\t<img fetchpriority=\"high\" decoding=\"async\" width=\"1024\" height=\"152\" src=\"https:\/\/formbags.com\/wp-content\/uploads\/2025\/09\/logo_def-1024x152.png\" class=\"attachment-large size-large wp-image-76307\" alt=\"logo_def\" srcset=\"https:\/\/formbags.com\/wp-content\/uploads\/2025\/09\/logo_def-1024x152.png 1024w, https:\/\/formbags.com\/wp-content\/uploads\/2025\/09\/logo_def-300x45.png 300w, https:\/\/formbags.com\/wp-content\/uploads\/2025\/09\/logo_def-768x114.png 768w, https:\/\/formbags.com\/wp-content\/uploads\/2025\/09\/logo_def-1536x228.png 1536w, https:\/\/formbags.com\/wp-content\/uploads\/2025\/09\/logo_def-1568x233.png 1568w, https:\/\/formbags.com\/wp-content\/uploads\/2025\/09\/logo_def-600x89.png 600w, https:\/\/formbags.com\/wp-content\/uploads\/2025\/09\/logo_def.png 1739w\" sizes=\"(max-width: 1024px) 100vw, 1024px\" \/>\t\t\t\t\t\t\t\t\t\t\t\t\t\t\t<\/div>\n\t\t\t\t<div class=\"elementor-element elementor-element-b80d1c3 elementor-widget elementor-widget-heading\" data-id=\"b80d1c3\" data-element_type=\"widget\" data-widget_type=\"heading.default\">\n\t\t\t\t\t<h2 class=\"elementor-heading-title elementor-size-default\">FORM BAGS S.p.A.<\/h2>\t\t\t\t<\/div>\n\t\t\t\t<div class=\"elementor-element elementor-element-533c19b elementor-widget elementor-widget-text-editor\" data-id=\"533c19b\" data-element_type=\"widget\" data-widget_type=\"text-editor.default\">\n\t\t\t\t\t\t\t\t\t<p data-start=\"66\" data-end=\"226\"><strong data-start=\"66\" data-end=\"84\">Capital social :<\/strong> \u20ac3,500,000.00 (enti\u00e8rement lib\u00e9r\u00e9)<br \/><br data-start=\"114\" data-end=\"117\" \/><strong data-start=\"117\" data-end=\"171\">Si\u00e8ge social et si\u00e8ge administratif :<\/strong><br data-start=\"171\" data-end=\"174\" \/>Via del Commercio, 2 \u2013 41043 Formigine (MO), Italy<\/p><p data-start=\"228\" data-end=\"362\"><strong data-start=\"228\" data-end=\"281\">N\u00b0 TVA \/ Code fiscal \/ N\u00b0 d\u2019immatriculation de la soci\u00e9t\u00e9 :<\/strong> 03378570364<br data-start=\"293\" data-end=\"296\" \/><strong data-start=\"296\" data-end=\"353\">REA (Registre \u00e9conomique et administratif) \u2013 Mod\u00e8ne n\u00b0 :<\/strong> 382493<\/p>\t\t\t\t\t\t\t\t<\/div>\n\t\t\t\t\t<\/div>\n\t\t<\/div>\n\t\t\t\t\t<\/div>\n\t\t<\/section>\n\t\t\t\t<\/div>\n\t\t","protected":false},"excerpt":{"rendered":"<p>FORM BAGS S.p.A. Capital social : \u20ac3,500,000.00 (enti\u00e8rement lib\u00e9r\u00e9) Si\u00e8ge social et si\u00e8ge administratif :Via del Commercio, 2 \u2013 41043 Formigine (MO), Italy N\u00b0 TVA \/ Code fiscal \/ N\u00b0 d\u2019immatriculation de la soci\u00e9t\u00e9 : 03378570364REA (Registre \u00e9conomique et administratif) \u2013 Mod\u00e8ne n\u00b0 : 382493<\/p>\n","protected":false},"author":1,"featured_media":0,"parent":0,"menu_order":9,"comment_status":"closed","ping_status":"closed","template":"","meta":{"footnotes":""},"class_list":["post-78127","page","type-page","status-publish","hentry"],"yoast_head":"<!-- This site is optimized with the Yoast SEO plugin v26.9 - https:\/\/yoast.com\/product\/yoast-seo-wordpress\/ -->\n<title>Informations sur l&#039;entreprise | Formbags<\/title>\n<meta name=\"description\" content=\"Informations sur l&#039;entreprise: si\u00e8ge social et administratif : Via del Commercio, 2 \u2013 41043 Formigine (MO), Italie\" \/>\n<meta name=\"robots\" content=\"index, follow, max-snippet:-1, max-image-preview:large, max-video-preview:-1\" \/>\n<link rel=\"canonical\" href=\"https:\/\/formbags.com\/fr\/informations-sur-l-entreprise\/\" \/>\n<meta property=\"og:locale\" content=\"fr_FR\" \/>\n<meta property=\"og:type\" content=\"article\" \/>\n<meta property=\"og:title\" content=\"Informations sur l&#039;entreprise | Formbags\" \/>\n<meta property=\"og:description\" content=\"Informations sur l&#039;entreprise: si\u00e8ge social et administratif : Via del Commercio, 2 \u2013 41043 Formigine (MO), Italie\" \/>\n<meta property=\"og:url\" content=\"https:\/\/formbags.com\/fr\/informations-sur-l-entreprise\/\" \/>\n<meta property=\"og:site_name\" content=\"FormBags\" \/>\n<meta property=\"article:modified_time\" content=\"2026-02-05T15:40:49+00:00\" \/>\n<meta property=\"og:image\" content=\"https:\/\/formbags.com\/wp-content\/uploads\/2025\/09\/logo_def-1024x152.png\" \/>\n<meta name=\"twitter:card\" content=\"summary_large_image\" \/>\n<meta name=\"twitter:label1\" content=\"Dur\u00e9e de lecture estim\u00e9e\" \/>\n\t<meta name=\"twitter:data1\" content=\"1 minute\" \/>\n<script type=\"application\/ld+json\" class=\"yoast-schema-graph\">{\"@context\":\"https:\/\/schema.org\",\"@graph\":[{\"@type\":\"WebPage\",\"@id\":\"https:\/\/formbags.com\/fr\/informations-sur-l-entreprise\/\",\"url\":\"https:\/\/formbags.com\/fr\/informations-sur-l-entreprise\/\",\"name\":\"Informations sur l'entreprise | Formbags\",\"isPartOf\":{\"@id\":\"https:\/\/formbags.com\/fr\/#website\"},\"primaryImageOfPage\":{\"@id\":\"https:\/\/formbags.com\/fr\/informations-sur-l-entreprise\/#primaryimage\"},\"image\":{\"@id\":\"https:\/\/formbags.com\/fr\/informations-sur-l-entreprise\/#primaryimage\"},\"thumbnailUrl\":\"https:\/\/formbags.com\/wp-content\/uploads\/2025\/09\/logo_def-1024x152.png\",\"datePublished\":\"2025-10-30T14:55:22+00:00\",\"dateModified\":\"2026-02-05T15:40:49+00:00\",\"description\":\"Informations sur l'entreprise: si\u00e8ge social et administratif : Via del Commercio, 2 \u2013 41043 Formigine (MO), Italie\",\"breadcrumb\":{\"@id\":\"https:\/\/formbags.com\/fr\/informations-sur-l-entreprise\/#breadcrumb\"},\"inLanguage\":\"fr-FR\",\"potentialAction\":[{\"@type\":\"ReadAction\",\"target\":[\"https:\/\/formbags.com\/fr\/informations-sur-l-entreprise\/\"]}]},{\"@type\":\"ImageObject\",\"inLanguage\":\"fr-FR\",\"@id\":\"https:\/\/formbags.com\/fr\/informations-sur-l-entreprise\/#primaryimage\",\"url\":\"https:\/\/formbags.com\/wp-content\/uploads\/2025\/09\/logo_def-1024x152.png\",\"contentUrl\":\"https:\/\/formbags.com\/wp-content\/uploads\/2025\/09\/logo_def-1024x152.png\"},{\"@type\":\"BreadcrumbList\",\"@id\":\"https:\/\/formbags.com\/fr\/informations-sur-l-entreprise\/#breadcrumb\",\"itemListElement\":[{\"@type\":\"ListItem\",\"position\":1,\"name\":\"Home\",\"item\":\"https:\/\/formbags.com\/fr\/\"},{\"@type\":\"ListItem\",\"position\":2,\"name\":\"Informations sur l&#8217;entreprise\"}]},{\"@type\":\"WebSite\",\"@id\":\"https:\/\/formbags.com\/fr\/#website\",\"url\":\"https:\/\/formbags.com\/fr\/\",\"name\":\"FormBags\",\"description\":\"\",\"publisher\":{\"@id\":\"https:\/\/formbags.com\/fr\/#organization\"},\"potentialAction\":[{\"@type\":\"SearchAction\",\"target\":{\"@type\":\"EntryPoint\",\"urlTemplate\":\"https:\/\/formbags.com\/fr\/?s={search_term_string}\"},\"query-input\":{\"@type\":\"PropertyValueSpecification\",\"valueRequired\":true,\"valueName\":\"search_term_string\"}}],\"inLanguage\":\"fr-FR\"},{\"@type\":\"Organization\",\"@id\":\"https:\/\/formbags.com\/fr\/#organization\",\"name\":\"Formbags\",\"url\":\"https:\/\/formbags.com\/fr\/\",\"logo\":{\"@type\":\"ImageObject\",\"inLanguage\":\"fr-FR\",\"@id\":\"https:\/\/formbags.com\/fr\/#\/schema\/logo\/image\/\",\"url\":\"https:\/\/formbags.com\/wp-content\/uploads\/2025\/09\/logo_def.png\",\"contentUrl\":\"https:\/\/formbags.com\/wp-content\/uploads\/2025\/09\/logo_def.png\",\"width\":1739,\"height\":258,\"caption\":\"Formbags\"},\"image\":{\"@id\":\"https:\/\/formbags.com\/fr\/#\/schema\/logo\/image\/\"}}]}<\/script>\n<!-- \/ Yoast SEO plugin. -->","yoast_head_json":{"title":"Informations sur l'entreprise | Formbags","description":"Informations sur l'entreprise: si\u00e8ge social et administratif : Via del Commercio, 2 \u2013 41043 Formigine (MO), Italie","robots":{"index":"index","follow":"follow","max-snippet":"max-snippet:-1","max-image-preview":"max-image-preview:large","max-video-preview":"max-video-preview:-1"},"canonical":"https:\/\/formbags.com\/fr\/informations-sur-l-entreprise\/","og_locale":"fr_FR","og_type":"article","og_title":"Informations sur l'entreprise | Formbags","og_description":"Informations sur l'entreprise: si\u00e8ge social et administratif : Via del Commercio, 2 \u2013 41043 Formigine (MO), Italie","og_url":"https:\/\/formbags.com\/fr\/informations-sur-l-entreprise\/","og_site_name":"FormBags","article_modified_time":"2026-02-05T15:40:49+00:00","og_image":[{"url":"https:\/\/formbags.com\/wp-content\/uploads\/2025\/09\/logo_def-1024x152.png","type":"","width":"","height":""}],"twitter_card":"summary_large_image","twitter_misc":{"Dur\u00e9e de lecture estim\u00e9e":"1 minute"},"schema":{"@context":"https:\/\/schema.org","@graph":[{"@type":"WebPage","@id":"https:\/\/formbags.com\/fr\/informations-sur-l-entreprise\/","url":"https:\/\/formbags.com\/fr\/informations-sur-l-entreprise\/","name":"Informations sur l'entreprise | Formbags","isPartOf":{"@id":"https:\/\/formbags.com\/fr\/#website"},"primaryImageOfPage":{"@id":"https:\/\/formbags.com\/fr\/informations-sur-l-entreprise\/#primaryimage"},"image":{"@id":"https:\/\/formbags.com\/fr\/informations-sur-l-entreprise\/#primaryimage"},"thumbnailUrl":"https:\/\/formbags.com\/wp-content\/uploads\/2025\/09\/logo_def-1024x152.png","datePublished":"2025-10-30T14:55:22+00:00","dateModified":"2026-02-05T15:40:49+00:00","description":"Informations sur l'entreprise: si\u00e8ge social et administratif : Via del Commercio, 2 \u2013 41043 Formigine (MO), Italie","breadcrumb":{"@id":"https:\/\/formbags.com\/fr\/informations-sur-l-entreprise\/#breadcrumb"},"inLanguage":"fr-FR","potentialAction":[{"@type":"ReadAction","target":["https:\/\/formbags.com\/fr\/informations-sur-l-entreprise\/"]}]},{"@type":"ImageObject","inLanguage":"fr-FR","@id":"https:\/\/formbags.com\/fr\/informations-sur-l-entreprise\/#primaryimage","url":"https:\/\/formbags.com\/wp-content\/uploads\/2025\/09\/logo_def-1024x152.png","contentUrl":"https:\/\/formbags.com\/wp-content\/uploads\/2025\/09\/logo_def-1024x152.png"},{"@type":"BreadcrumbList","@id":"https:\/\/formbags.com\/fr\/informations-sur-l-entreprise\/#breadcrumb","itemListElement":[{"@type":"ListItem","position":1,"name":"Home","item":"https:\/\/formbags.com\/fr\/"},{"@type":"ListItem","position":2,"name":"Informations sur l&#8217;entreprise"}]},{"@type":"WebSite","@id":"https:\/\/formbags.com\/fr\/#website","url":"https:\/\/formbags.com\/fr\/","name":"FormBags","description":"","publisher":{"@id":"https:\/\/formbags.com\/fr\/#organization"},"potentialAction":[{"@type":"SearchAction","target":{"@type":"EntryPoint","urlTemplate":"https:\/\/formbags.com\/fr\/?s={search_term_string}"},"query-input":{"@type":"PropertyValueSpecification","valueRequired":true,"valueName":"search_term_string"}}],"inLanguage":"fr-FR"},{"@type":"Organization","@id":"https:\/\/formbags.com\/fr\/#organization","name":"Formbags","url":"https:\/\/formbags.com\/fr\/","logo":{"@type":"ImageObject","inLanguage":"fr-FR","@id":"https:\/\/formbags.com\/fr\/#\/schema\/logo\/image\/","url":"https:\/\/formbags.com\/wp-content\/uploads\/2025\/09\/logo_def.png","contentUrl":"https:\/\/formbags.com\/wp-content\/uploads\/2025\/09\/logo_def.png","width":1739,"height":258,"caption":"Formbags"},"image":{"@id":"https:\/\/formbags.com\/fr\/#\/schema\/logo\/image\/"}}]}},"_links":{"self":[{"href":"https:\/\/formbags.com\/fr\/wp-json\/wp\/v2\/pages\/78127","targetHints":{"allow":["GET"]}}],"collection":[{"href":"https:\/\/formbags.com\/fr\/wp-json\/wp\/v2\/pages"}],"about":[{"href":"https:\/\/formbags.com\/fr\/wp-json\/wp\/v2\/types\/page"}],"author":[{"embeddable":true,"href":"https:\/\/formbags.com\/fr\/wp-json\/wp\/v2\/users\/1"}],"replies":[{"embeddable":true,"href":"https:\/\/formbags.com\/fr\/wp-json\/wp\/v2\/comments?post=78127"}],"version-history":[{"count":5,"href":"https:\/\/formbags.com\/fr\/wp-json\/wp\/v2\/pages\/78127\/revisions"}],"predecessor-version":[{"id":78147,"href":"https:\/\/formbags.com\/fr\/wp-json\/wp\/v2\/pages\/78127\/revisions\/78147"}],"wp:attachment":[{"href":"https:\/\/formbags.com\/fr\/wp-json\/wp\/v2\/media?parent=78127"}],"curies":[{"name":"wp","href":"https:\/\/api.w.org\/{rel}","templated":true}]}}