{"id":77903,"date":"2020-02-06T09:17:43","date_gmt":"2020-02-06T08:17:43","guid":{"rendered":"https:\/\/formbags.com\/latest-news\/"},"modified":"2026-03-03T13:45:52","modified_gmt":"2026-03-03T12:45:52","slug":"actualites","status":"publish","type":"page","link":"https:\/\/formbags.com\/fr\/actualites\/","title":{"rendered":"Actualit\u00e9s"},"content":{"rendered":"\t\t<div data-elementor-type=\"wp-page\" data-elementor-id=\"77903\" class=\"elementor elementor-77903 elementor-113\" data-elementor-post-type=\"page\">\n\t\t\t\t\t\t<section class=\"elementor-section elementor-top-section elementor-element elementor-element-dd69349 elementor-section-full_width elementor-section-height-default elementor-section-height-default\" data-id=\"dd69349\" data-element_type=\"section\" data-settings=\"{&quot;background_background&quot;:&quot;classic&quot;}\">\n\t\t\t\t\t\t<div class=\"elementor-container elementor-column-gap-default\">\n\t\t\t\t\t<div class=\" elementor-column elementor-col-100 elementor-top-column elementor-element elementor-element-219ec6c\" data-fullscreen-column-settings=\"{&quot;fullscreen&quot;:&quot;&quot;}\" data-id=\"219ec6c\" data-element_type=\"column\">\n\t\t\t<div class=\"elementor-widget-wrap elementor-element-populated\">\n\t\t\t\t\t\t<div class=\"elementor-section elementor-inner-section elementor-element elementor-element-2b5890a elementor-section-boxed elementor-section-height-default elementor-section-height-default\" data-id=\"2b5890a\" data-element_type=\"section\">\n\t\t\t\t\t\t<div class=\"elementor-container elementor-column-gap-default\">\n\t\t\t\t\t<div class=\" elementor-column elementor-col-100 elementor-inner-column elementor-element elementor-element-33217e2\" data-fullscreen-column-settings=\"{&quot;fullscreen&quot;:&quot;&quot;}\" data-id=\"33217e2\" data-element_type=\"column\">\n\t\t\t<div class=\"elementor-widget-wrap elementor-element-populated\">\n\t\t\t\t\t\t<div class=\"elementor-element elementor-element-009b81e elementor-widget elementor-widget-litho-blog-list\" data-id=\"009b81e\" data-element_type=\"widget\" data-settings=\"{&quot;litho_blog_style&quot;:&quot;blog-classic&quot;}\" data-widget_type=\"litho-blog-list.default\">\n\t\t\t\t<div class=\"elementor-widget-container\">\n\t\t\t\t\t\t\t\t\t<ul data-uniqueid=\"litho-blog-1\" class=\"grid litho-blog-list litho-blog-1 blog-classic grid-3col md-grid-2col xs-grid-1col litho-grid-no-order blog-grid grid-masonry\" data-blog-settings=\"{&quot;pagination_type&quot;:&quot;&quot;}\">\n\t\t\t\t\t\t\t\t\t\t\t\t\t\t\t\t\t<li class=\"grid-sizer d-none p-0 m-0\"><\/li>\n\t\t\t\t\t\t\t\t\t\t\t\t<li class=\"grid-item grid-gutter blog-filter-129 post-78078 post type-post status-publish format-standard has-post-thumbnail hentry category-news litho-animated elementor-invisible\" data-animation=\"fadeIn \" data-animation-delay=\"200\"><div class=\"blog-post  \"><div class=\"blog-post-images\"> <a href=\"https:\/\/formbags.com\/fr\/formbags-suit-la-mode-au-pitti-immagine-uomo-2026\/\" target=\"_self\"><img fetchpriority=\"high\" decoding=\"async\" width=\"600\" height=\"338\" src=\"https:\/\/formbags.com\/wp-content\/uploads\/2026\/01\/Untitled-600-x-338-px.png\" class=\"attachment-full size-full wp-post-image\" alt=\"Untitled (600 x 338 px)\" srcset=\"https:\/\/formbags.com\/wp-content\/uploads\/2026\/01\/Untitled-600-x-338-px.png 600w, https:\/\/formbags.com\/wp-content\/uploads\/2026\/01\/Untitled-600-x-338-px-300x169.png 300w\" sizes=\"(max-width: 600px) 100vw, 600px\" \/><span class=\"screen-reader-text\">Formbags suit la mode au Pitti Immagine Uomo 2026<\/span><\/a><\/div><div class=\"post-details\"><div class=\"post-meta-wrapper d-flex align-items-center post-meta\"><span class=\"post-date published\">14 janvier 2026<\/span><time class=\"updated d-none\" datetime=\"2026-03-03T13:42:19+01:00\">3 mars 2026<\/time><\/div><span class=\"blog-category alt-font\"><a rel=\"category tag\" href=\"https:\/\/formbags.com\/fr\/category\/news\/\">News<\/a><\/span>\t\t\t\t\t\t\t\t\t\t\t\t\t\t<a href=\"https:\/\/formbags.com\/fr\/formbags-suit-la-mode-au-pitti-immagine-uomo-2026\/\" target=\"_self\" class=\"entry-title\">Formbags suit la mode au Pitti Immagine Uomo 2026<\/a>\n\t\t\t\t\t\t\t\t\t\t\t\t\t\t\t\t\t\t\t\t\t\t\t\t\t\t\t<div class=\"entry-content\">Formbags participera et exposera au Pitti Uomo 109 du 13 au 16 janvier...<\/div>\n\t\t\t\t\t\t\t\t\t\t\t\t\t\t<\/div><\/div><\/li><li class=\"grid-item grid-gutter blog-filter-129 post-78073 post type-post status-publish format-standard has-post-thumbnail hentry category-news litho-animated elementor-invisible\" data-animation=\"fadeIn \" data-animation-delay=\"400\"><div class=\"blog-post  \"><div class=\"blog-post-images\"> <a href=\"https:\/\/formbags.com\/fr\/formbags-se-prepare-pour-la-london-packaging-week-2025\/\" target=\"_self\"><img decoding=\"async\" width=\"600\" height=\"338\" src=\"https:\/\/formbags.com\/wp-content\/uploads\/2025\/10\/post-2.jpg\" class=\"attachment-full size-full wp-post-image\" alt=\"post-2\" srcset=\"https:\/\/formbags.com\/wp-content\/uploads\/2025\/10\/post-2.jpg 600w, https:\/\/formbags.com\/wp-content\/uploads\/2025\/10\/post-2-300x169.jpg 300w\" sizes=\"(max-width: 600px) 100vw, 600px\" \/><span class=\"screen-reader-text\">Formbags se pr\u00e9pare pour la London Packaging Week 2025<\/span><\/a><\/div><div class=\"post-details\"><div class=\"post-meta-wrapper d-flex align-items-center post-meta\"><span class=\"post-date published\">1 octobre 2025<\/span><time class=\"updated d-none\" datetime=\"2026-03-03T13:43:26+01:00\">3 mars 2026<\/time><\/div><span class=\"blog-category alt-font\"><a rel=\"category tag\" href=\"https:\/\/formbags.com\/fr\/category\/news\/\">News<\/a><\/span>\t\t\t\t\t\t\t\t\t\t\t\t\t\t<a href=\"https:\/\/formbags.com\/fr\/formbags-se-prepare-pour-la-london-packaging-week-2025\/\" target=\"_self\" class=\"entry-title\">Formbags se pr\u00e9pare pour la London Packaging Week 2025<\/a>\n\t\t\t\t\t\t\t\t\t\t\t\t\t\t\t\t\t\t\t\t\t\t\t\t\t\t\t<div class=\"entry-content\">Formbags sera de retour \u00e0 la London Packaging Week plus tard ce mois-ci,...<\/div>\n\t\t\t\t\t\t\t\t\t\t\t\t\t\t<\/div><\/div><\/li><li class=\"grid-item grid-gutter blog-filter-129 post-78068 post type-post status-publish format-standard has-post-thumbnail hentry category-news litho-animated elementor-invisible\" data-animation=\"fadeIn \" data-animation-delay=\"600\"><div class=\"blog-post  \"><div class=\"blog-post-images\"> <a href=\"https:\/\/formbags.com\/fr\/formbags-honore-au-smau\/\" target=\"_self\"><img decoding=\"async\" width=\"600\" height=\"338\" src=\"https:\/\/formbags.com\/wp-content\/uploads\/2025\/09\/post-1.jpg\" class=\"attachment-full size-full wp-post-image\" alt=\"post-1\" srcset=\"https:\/\/formbags.com\/wp-content\/uploads\/2025\/09\/post-1.jpg 600w, https:\/\/formbags.com\/wp-content\/uploads\/2025\/09\/post-1-300x169.jpg 300w\" sizes=\"(max-width: 600px) 100vw, 600px\" \/><span class=\"screen-reader-text\">Formbags honor\u00e9 au SMAU \u2013 Partenariat IA avec Opseed reconnu comme Success Story<\/span><\/a><\/div><div class=\"post-details\"><div class=\"post-meta-wrapper d-flex align-items-center post-meta\"><span class=\"post-date published\">23 septembre 2025<\/span><time class=\"updated d-none\" datetime=\"2026-03-03T13:44:33+01:00\">3 mars 2026<\/time><\/div><span class=\"blog-category alt-font\"><a rel=\"category tag\" href=\"https:\/\/formbags.com\/fr\/category\/news\/\">News<\/a><\/span>\t\t\t\t\t\t\t\t\t\t\t\t\t\t<a href=\"https:\/\/formbags.com\/fr\/formbags-honore-au-smau\/\" target=\"_self\" class=\"entry-title\">Formbags honor\u00e9 au SMAU \u2013 Partenariat IA avec Opseed reconnu comme Success Story<\/a>\n\t\t\t\t\t\t\t\t\t\t\t\t\t\t\t\t\t\t\t\t\t\t\t\t\t\t\t<div class=\"entry-content\">Formbags a \u00e9t\u00e9 reconnu dans la cat\u00e9gorie Success Stories au SMAU de Milan...<\/div>\n\t\t\t\t\t\t\t\t\t\t\t\t\t\t<\/div><\/div><\/li><li class=\"grid-item grid-gutter blog-filter-129 post-78063 post type-post status-publish format-standard has-post-thumbnail hentry category-news litho-animated elementor-invisible\" data-animation=\"fadeIn \" data-animation-delay=\"200\"><div class=\"blog-post  \"><div class=\"blog-post-images\"> <a href=\"https:\/\/formbags.com\/fr\/formbags-publie-son-premier-rapport-sur-le-developpement-durable\/\" target=\"_self\"><img loading=\"lazy\" decoding=\"async\" width=\"600\" height=\"338\" src=\"https:\/\/formbags.com\/wp-content\/uploads\/2025\/06\/post-3.jpg\" class=\"attachment-full size-full wp-post-image\" alt=\"post-3\" srcset=\"https:\/\/formbags.com\/wp-content\/uploads\/2025\/06\/post-3.jpg 600w, https:\/\/formbags.com\/wp-content\/uploads\/2025\/06\/post-3-300x169.jpg 300w\" sizes=\"(max-width: 600px) 100vw, 600px\" \/><span class=\"screen-reader-text\">Formbags publie son premier rapport sur le d\u00e9veloppement durable<\/span><\/a><\/div><div class=\"post-details\"><div class=\"post-meta-wrapper d-flex align-items-center post-meta\"><span class=\"post-date published\">1 juin 2025<\/span><time class=\"updated d-none\" datetime=\"2026-03-03T13:45:49+01:00\">3 mars 2026<\/time><\/div><span class=\"blog-category alt-font\"><a rel=\"category tag\" href=\"https:\/\/formbags.com\/fr\/category\/news\/\">News<\/a><\/span>\t\t\t\t\t\t\t\t\t\t\t\t\t\t<a href=\"https:\/\/formbags.com\/fr\/formbags-publie-son-premier-rapport-sur-le-developpement-durable\/\" target=\"_self\" class=\"entry-title\">Formbags publie son premier rapport sur le d\u00e9veloppement durable<\/a>\n\t\t\t\t\t\t\t\t\t\t\t\t\t\t\t\t\t\t\t\t\t\t\t\t\t\t\t<div class=\"entry-content\">Formbags publie son premier rapport sur le d\u00e9veloppement durable, une \u00e9tape importante qui...<\/div>\n\t\t\t\t\t\t\t\t\t\t\t\t\t\t<\/div><\/div><\/li>\t\t\t\t<\/ul>\n\t\t\t\t\t\t\t\t<\/div>\n\t\t\t\t<\/div>\n\t\t\t\t\t<\/div>\n\t\t<\/div>\n\t\t\t\t\t<\/div>\n\t\t<\/div>\n\t\t\t\t\t<\/div>\n\t\t<\/div>\n\t\t\t\t\t<\/div>\n\t\t<\/section>\n\t\t\t\t<\/div>\n\t\t","protected":false},"excerpt":{"rendered":"<p>Formbags suit la mode au Pitti Immagine Uomo 202614 January 20263 March 2026News Formbags suit la mode au Pitti Immagine Uomo 2026 Formbags participera et exposera au Pitti Uomo 109 du 13 au 16 janvier&#8230; Formbags se pr\u00e9pare pour la London Packaging Week 20251 October 20253 March 2026News Formbags se pr\u00e9pare pour la London Packaging [&hellip;]<\/p>\n","protected":false},"author":1,"featured_media":0,"parent":0,"menu_order":153,"comment_status":"closed","ping_status":"closed","template":"","meta":{"footnotes":""},"class_list":["post-77903","page","type-page","status-publish","hentry"],"yoast_head":"<!-- This site is optimized with the Yoast SEO plugin v26.9 - https:\/\/yoast.com\/product\/yoast-seo-wordpress\/ -->\n<title>Actualit\u00e9s | Formbags Producteur de sacs en papier<\/title>\n<meta name=\"description\" content=\"Restez inform\u00e9(e) de toutes nos derni\u00e8res actualit\u00e9s et mises \u00e0 jour concernant notre gamme de produits et les \u00e9v\u00e9nements \u00e0 venir.\" \/>\n<meta name=\"robots\" content=\"index, follow, max-snippet:-1, max-image-preview:large, max-video-preview:-1\" \/>\n<link rel=\"canonical\" href=\"https:\/\/formbags.com\/fr\/actualites\/\" \/>\n<meta property=\"og:locale\" content=\"fr_FR\" \/>\n<meta property=\"og:type\" content=\"article\" \/>\n<meta property=\"og:title\" content=\"Actualit\u00e9s | Formbags Producteur de sacs en papier\" \/>\n<meta property=\"og:description\" content=\"Restez inform\u00e9(e) de toutes nos derni\u00e8res actualit\u00e9s et mises \u00e0 jour concernant notre gamme de produits et les \u00e9v\u00e9nements \u00e0 venir.\" \/>\n<meta property=\"og:url\" content=\"https:\/\/formbags.com\/fr\/actualites\/\" \/>\n<meta property=\"og:site_name\" content=\"FormBags\" \/>\n<meta property=\"article:modified_time\" content=\"2026-03-03T12:45:52+00:00\" \/>\n<meta property=\"og:image\" content=\"https:\/\/formbags.com\/wp-content\/uploads\/2026\/01\/Untitled-600-x-338-px.png\" \/>\n<meta name=\"twitter:card\" content=\"summary_large_image\" \/>\n<meta name=\"twitter:label1\" content=\"Dur\u00e9e de lecture estim\u00e9e\" \/>\n\t<meta name=\"twitter:data1\" content=\"2 minutes\" \/>\n<script type=\"application\/ld+json\" class=\"yoast-schema-graph\">{\"@context\":\"https:\/\/schema.org\",\"@graph\":[{\"@type\":\"WebPage\",\"@id\":\"https:\/\/formbags.com\/fr\/actualites\/\",\"url\":\"https:\/\/formbags.com\/fr\/actualites\/\",\"name\":\"Actualit\u00e9s | Formbags Producteur de sacs en papier\",\"isPartOf\":{\"@id\":\"https:\/\/formbags.com\/fr\/#website\"},\"primaryImageOfPage\":{\"@id\":\"https:\/\/formbags.com\/fr\/actualites\/#primaryimage\"},\"image\":{\"@id\":\"https:\/\/formbags.com\/fr\/actualites\/#primaryimage\"},\"thumbnailUrl\":\"https:\/\/formbags.com\/wp-content\/uploads\/2026\/01\/Untitled-600-x-338-px.png\",\"datePublished\":\"2020-02-06T08:17:43+00:00\",\"dateModified\":\"2026-03-03T12:45:52+00:00\",\"description\":\"Restez inform\u00e9(e) de toutes nos derni\u00e8res actualit\u00e9s et mises \u00e0 jour concernant notre gamme de produits et les \u00e9v\u00e9nements \u00e0 venir.\",\"breadcrumb\":{\"@id\":\"https:\/\/formbags.com\/fr\/actualites\/#breadcrumb\"},\"inLanguage\":\"fr-FR\",\"potentialAction\":[{\"@type\":\"ReadAction\",\"target\":[\"https:\/\/formbags.com\/fr\/actualites\/\"]}]},{\"@type\":\"ImageObject\",\"inLanguage\":\"fr-FR\",\"@id\":\"https:\/\/formbags.com\/fr\/actualites\/#primaryimage\",\"url\":\"https:\/\/formbags.com\/wp-content\/uploads\/2026\/01\/Untitled-600-x-338-px.png\",\"contentUrl\":\"https:\/\/formbags.com\/wp-content\/uploads\/2026\/01\/Untitled-600-x-338-px.png\"},{\"@type\":\"BreadcrumbList\",\"@id\":\"https:\/\/formbags.com\/fr\/actualites\/#breadcrumb\",\"itemListElement\":[{\"@type\":\"ListItem\",\"position\":1,\"name\":\"Home\",\"item\":\"https:\/\/formbags.com\/fr\/\"},{\"@type\":\"ListItem\",\"position\":2,\"name\":\"Actualit\u00e9s\"}]},{\"@type\":\"WebSite\",\"@id\":\"https:\/\/formbags.com\/fr\/#website\",\"url\":\"https:\/\/formbags.com\/fr\/\",\"name\":\"FormBags\",\"description\":\"\",\"publisher\":{\"@id\":\"https:\/\/formbags.com\/fr\/#organization\"},\"potentialAction\":[{\"@type\":\"SearchAction\",\"target\":{\"@type\":\"EntryPoint\",\"urlTemplate\":\"https:\/\/formbags.com\/fr\/?s={search_term_string}\"},\"query-input\":{\"@type\":\"PropertyValueSpecification\",\"valueRequired\":true,\"valueName\":\"search_term_string\"}}],\"inLanguage\":\"fr-FR\"},{\"@type\":\"Organization\",\"@id\":\"https:\/\/formbags.com\/fr\/#organization\",\"name\":\"Formbags\",\"url\":\"https:\/\/formbags.com\/fr\/\",\"logo\":{\"@type\":\"ImageObject\",\"inLanguage\":\"fr-FR\",\"@id\":\"https:\/\/formbags.com\/fr\/#\/schema\/logo\/image\/\",\"url\":\"https:\/\/formbags.com\/wp-content\/uploads\/2025\/09\/logo_def.png\",\"contentUrl\":\"https:\/\/formbags.com\/wp-content\/uploads\/2025\/09\/logo_def.png\",\"width\":1739,\"height\":258,\"caption\":\"Formbags\"},\"image\":{\"@id\":\"https:\/\/formbags.com\/fr\/#\/schema\/logo\/image\/\"}}]}<\/script>\n<!-- \/ Yoast SEO plugin. -->","yoast_head_json":{"title":"Actualit\u00e9s | Formbags Producteur de sacs en papier","description":"Restez inform\u00e9(e) de toutes nos derni\u00e8res actualit\u00e9s et mises \u00e0 jour concernant notre gamme de produits et les \u00e9v\u00e9nements \u00e0 venir.","robots":{"index":"index","follow":"follow","max-snippet":"max-snippet:-1","max-image-preview":"max-image-preview:large","max-video-preview":"max-video-preview:-1"},"canonical":"https:\/\/formbags.com\/fr\/actualites\/","og_locale":"fr_FR","og_type":"article","og_title":"Actualit\u00e9s | Formbags Producteur de sacs en papier","og_description":"Restez inform\u00e9(e) de toutes nos derni\u00e8res actualit\u00e9s et mises \u00e0 jour concernant notre gamme de produits et les \u00e9v\u00e9nements \u00e0 venir.","og_url":"https:\/\/formbags.com\/fr\/actualites\/","og_site_name":"FormBags","article_modified_time":"2026-03-03T12:45:52+00:00","og_image":[{"url":"https:\/\/formbags.com\/wp-content\/uploads\/2026\/01\/Untitled-600-x-338-px.png","type":"","width":"","height":""}],"twitter_card":"summary_large_image","twitter_misc":{"Dur\u00e9e de lecture estim\u00e9e":"2 minutes"},"schema":{"@context":"https:\/\/schema.org","@graph":[{"@type":"WebPage","@id":"https:\/\/formbags.com\/fr\/actualites\/","url":"https:\/\/formbags.com\/fr\/actualites\/","name":"Actualit\u00e9s | Formbags Producteur de sacs en papier","isPartOf":{"@id":"https:\/\/formbags.com\/fr\/#website"},"primaryImageOfPage":{"@id":"https:\/\/formbags.com\/fr\/actualites\/#primaryimage"},"image":{"@id":"https:\/\/formbags.com\/fr\/actualites\/#primaryimage"},"thumbnailUrl":"https:\/\/formbags.com\/wp-content\/uploads\/2026\/01\/Untitled-600-x-338-px.png","datePublished":"2020-02-06T08:17:43+00:00","dateModified":"2026-03-03T12:45:52+00:00","description":"Restez inform\u00e9(e) de toutes nos derni\u00e8res actualit\u00e9s et mises \u00e0 jour concernant notre gamme de produits et les \u00e9v\u00e9nements \u00e0 venir.","breadcrumb":{"@id":"https:\/\/formbags.com\/fr\/actualites\/#breadcrumb"},"inLanguage":"fr-FR","potentialAction":[{"@type":"ReadAction","target":["https:\/\/formbags.com\/fr\/actualites\/"]}]},{"@type":"ImageObject","inLanguage":"fr-FR","@id":"https:\/\/formbags.com\/fr\/actualites\/#primaryimage","url":"https:\/\/formbags.com\/wp-content\/uploads\/2026\/01\/Untitled-600-x-338-px.png","contentUrl":"https:\/\/formbags.com\/wp-content\/uploads\/2026\/01\/Untitled-600-x-338-px.png"},{"@type":"BreadcrumbList","@id":"https:\/\/formbags.com\/fr\/actualites\/#breadcrumb","itemListElement":[{"@type":"ListItem","position":1,"name":"Home","item":"https:\/\/formbags.com\/fr\/"},{"@type":"ListItem","position":2,"name":"Actualit\u00e9s"}]},{"@type":"WebSite","@id":"https:\/\/formbags.com\/fr\/#website","url":"https:\/\/formbags.com\/fr\/","name":"FormBags","description":"","publisher":{"@id":"https:\/\/formbags.com\/fr\/#organization"},"potentialAction":[{"@type":"SearchAction","target":{"@type":"EntryPoint","urlTemplate":"https:\/\/formbags.com\/fr\/?s={search_term_string}"},"query-input":{"@type":"PropertyValueSpecification","valueRequired":true,"valueName":"search_term_string"}}],"inLanguage":"fr-FR"},{"@type":"Organization","@id":"https:\/\/formbags.com\/fr\/#organization","name":"Formbags","url":"https:\/\/formbags.com\/fr\/","logo":{"@type":"ImageObject","inLanguage":"fr-FR","@id":"https:\/\/formbags.com\/fr\/#\/schema\/logo\/image\/","url":"https:\/\/formbags.com\/wp-content\/uploads\/2025\/09\/logo_def.png","contentUrl":"https:\/\/formbags.com\/wp-content\/uploads\/2025\/09\/logo_def.png","width":1739,"height":258,"caption":"Formbags"},"image":{"@id":"https:\/\/formbags.com\/fr\/#\/schema\/logo\/image\/"}}]}},"_links":{"self":[{"href":"https:\/\/formbags.com\/fr\/wp-json\/wp\/v2\/pages\/77903","targetHints":{"allow":["GET"]}}],"collection":[{"href":"https:\/\/formbags.com\/fr\/wp-json\/wp\/v2\/pages"}],"about":[{"href":"https:\/\/formbags.com\/fr\/wp-json\/wp\/v2\/types\/page"}],"author":[{"embeddable":true,"href":"https:\/\/formbags.com\/fr\/wp-json\/wp\/v2\/users\/1"}],"replies":[{"embeddable":true,"href":"https:\/\/formbags.com\/fr\/wp-json\/wp\/v2\/comments?post=77903"}],"version-history":[{"count":5,"href":"https:\/\/formbags.com\/fr\/wp-json\/wp\/v2\/pages\/77903\/revisions"}],"predecessor-version":[{"id":78185,"href":"https:\/\/formbags.com\/fr\/wp-json\/wp\/v2\/pages\/77903\/revisions\/78185"}],"wp:attachment":[{"href":"https:\/\/formbags.com\/fr\/wp-json\/wp\/v2\/media?parent=77903"}],"curies":[{"name":"wp","href":"https:\/\/api.w.org\/{rel}","templated":true}]}}